{"id":236,"date":"2023-06-19T00:53:34","date_gmt":"2023-06-18T22:53:34","guid":{"rendered":"https:\/\/socri.uniri.hr\/eng\/?page_id=236"},"modified":"2023-06-19T00:56:16","modified_gmt":"2023-06-18T22:56:16","slug":"image-5","status":"publish","type":"page","link":"https:\/\/socri.uniri.hr\/eng\/image-5\/","title":{"rendered":"Image 5: plate with hole"},"content":{"rendered":"\n<figure class=\"wp-block-image size-full\"><img loading=\"lazy\" decoding=\"async\" width=\"512\" height=\"311\" src=\"https:\/\/socri.uniri.hr\/eng\/wp-content\/uploads\/sites\/2\/2023\/06\/Image5ploca-s-rupom-1-1.png\" alt=\"\" class=\"wp-image-241\" srcset=\"https:\/\/socri.uniri.hr\/eng\/wp-content\/uploads\/sites\/2\/2023\/06\/Image5ploca-s-rupom-1-1.png 512w, https:\/\/socri.uniri.hr\/eng\/wp-content\/uploads\/sites\/2\/2023\/06\/Image5ploca-s-rupom-1-1-300x182.png 300w\" sizes=\"(max-width: 512px) 100vw, 512px\" \/><\/figure>\n\n\n\n<p>Authors: Nina \u010ceh, Nenad Bi\u0107ani\u0107<\/p>\n\n\n\n<p>Different colors show displacement sizes that correspond to the first form of deformation of the plate with a hole. In addition to the first form of deformation shown here, the plate can also experience numerous other &#8220;higher&#8221; or more complex forms of deformation, which mostly depend on the distribution of characteristics such as mass and stiffness throughout the plate itself. A hole in the plate, which often occurs due to the functionality of the structural element, affects the shape of the deformation and causes larger displacements (and larger deformations) on the part of the plate closer to the hole.<\/p>\n\n\n\n<figure class=\"wp-block-embed is-type-video is-provider-youtube wp-block-embed-youtube wp-embed-aspect-16-9 wp-has-aspect-ratio\"><div class=\"wp-block-embed__wrapper\">\n<div class=\"ast-oembed-container\" style=\"height: 100%;\"><iframe loading=\"lazy\" title=\"[ai] explore slika 5\" width=\"500\" height=\"281\" src=\"https:\/\/www.youtube.com\/embed\/uzVDRvnjaHg?feature=oembed\" frameborder=\"0\" allow=\"accelerometer; autoplay; clipboard-write; encrypted-media; gyroscope; picture-in-picture; web-share\" allowfullscreen><\/iframe><\/div>\n<\/div><\/figure>\n","protected":false},"excerpt":{"rendered":"<p>Authors: Nina \u010ceh, Nenad Bi\u0107ani\u0107 Different colors show displacement sizes that correspond to the first form of deformation of the plate with a hole. In addition to the first form of deformation shown here, the plate can also experience numerous other &#8220;higher&#8221; or more complex forms of deformation, which mostly depend on the distribution of &hellip;<\/p>\n<p class=\"read-more\"> <a class=\"\" href=\"https:\/\/socri.uniri.hr\/eng\/image-5\/\"> <span class=\"screen-reader-text\">Image 5: plate with hole<\/span> Read More &raquo;<\/a><\/p>\n","protected":false},"author":2,"featured_media":0,"parent":0,"menu_order":0,"comment_status":"closed","ping_status":"closed","template":"","meta":{"site-sidebar-layout":"default","site-content-layout":"default","ast-global-header-display":"","ast-banner-title-visibility":"","ast-main-header-display":"","ast-hfb-above-header-display":"","ast-hfb-below-header-display":"","ast-hfb-mobile-header-display":"","site-post-title":"","ast-breadcrumbs-content":"","ast-featured-img":"","footer-sml-layout":"","theme-transparent-header-meta":"","adv-header-id-meta":"","stick-header-meta":"","header-above-stick-meta":"","header-main-stick-meta":"","header-below-stick-meta":"","footnotes":""},"_links":{"self":[{"href":"https:\/\/socri.uniri.hr\/eng\/wp-json\/wp\/v2\/pages\/236"}],"collection":[{"href":"https:\/\/socri.uniri.hr\/eng\/wp-json\/wp\/v2\/pages"}],"about":[{"href":"https:\/\/socri.uniri.hr\/eng\/wp-json\/wp\/v2\/types\/page"}],"author":[{"embeddable":true,"href":"https:\/\/socri.uniri.hr\/eng\/wp-json\/wp\/v2\/users\/2"}],"replies":[{"embeddable":true,"href":"https:\/\/socri.uniri.hr\/eng\/wp-json\/wp\/v2\/comments?post=236"}],"version-history":[{"count":4,"href":"https:\/\/socri.uniri.hr\/eng\/wp-json\/wp\/v2\/pages\/236\/revisions"}],"predecessor-version":[{"id":243,"href":"https:\/\/socri.uniri.hr\/eng\/wp-json\/wp\/v2\/pages\/236\/revisions\/243"}],"wp:attachment":[{"href":"https:\/\/socri.uniri.hr\/eng\/wp-json\/wp\/v2\/media?parent=236"}],"curies":[{"name":"wp","href":"https:\/\/api.w.org\/{rel}","templated":true}]}}