{"id":27,"date":"2023-04-19T00:35:13","date_gmt":"2023-04-18T22:35:13","guid":{"rendered":"https:\/\/socri.uniri.hr\/eng\/?page_id=27"},"modified":"2025-06-09T14:16:33","modified_gmt":"2025-06-09T12:16:33","slug":"fasih","status":"publish","type":"page","link":"https:\/\/socri.uniri.hr\/eng\/projects\/fasih\/","title":{"rendered":"FASIH"},"content":{"rendered":"\n<div class=\"wp-block-media-text alignwide has-media-on-the-right is-stacked-on-mobile\" style=\"grid-template-columns:auto 15%\"><div class=\"wp-block-media-text__content\">\n<p class=\"has-x-large-font-size\"> FASIH<\/p>\n<\/div><figure class=\"wp-block-media-text__media\"><img loading=\"lazy\" decoding=\"async\" width=\"1024\" height=\"1024\" src=\"https:\/\/socri.uniri.hr\/eng\/wp-content\/uploads\/sites\/2\/2023\/05\/Instagram-post-FASIH-5-1-1024x1024.png\" alt=\"\" class=\"wp-image-132 size-full\" srcset=\"https:\/\/socri.uniri.hr\/eng\/wp-content\/uploads\/sites\/2\/2023\/05\/Instagram-post-FASIH-5-1-1024x1024.png 1024w, https:\/\/socri.uniri.hr\/eng\/wp-content\/uploads\/sites\/2\/2023\/05\/Instagram-post-FASIH-5-1-300x300.png 300w, https:\/\/socri.uniri.hr\/eng\/wp-content\/uploads\/sites\/2\/2023\/05\/Instagram-post-FASIH-5-1-150x150.png 150w, https:\/\/socri.uniri.hr\/eng\/wp-content\/uploads\/sites\/2\/2023\/05\/Instagram-post-FASIH-5-1-768x768.png 768w, https:\/\/socri.uniri.hr\/eng\/wp-content\/uploads\/sites\/2\/2023\/05\/Instagram-post-FASIH-5-1.png 1080w\" sizes=\"(max-width: 1024px) 100vw, 1024px\" \/><\/figure><\/div>\n\n\n\n<p class=\"has-medium-font-size\"><strong><em>PRESERVATION OF INDUSTRIAL HERITAGE IN CROATIA, SLOVENIA, AND SERBIA<\/em><\/strong><\/p>\n\n\n\n<p>On March 27, 2023, in Belgrade. started the FASIH project, which deals with the revaluation of industrial heritage in Southeast Europe and gathers partners from Rijeka in Croatia, Trbovlja in Slovenia, and Belgrade, Serbia<\/p>\n\n\n\n<p>The project FASIH &#8211; Future Art and Science in Industrial Heritage, started with a meeting in the Scientific Club of CPN on March 27 and 28, represents the first project of the Creative Program Europe managed by the Center for the Promotion of Science. The focus is on the industrial heritage of Southeast Europe, around which the thematic framework is woven and central programs are developed activities. Through the language of art, and in conjunction with scientific research and new media, Rijeka, Belgrade and Trbovlje represent the backbone of the story of industrial heritage with its diversity of economic, cultural and scientific layers. FASIH strives to connect modern models of revaluation and revitalization of industrial heritage with the use of innovative digital tools, with the topics of sustainability, environmental protection and technological development now and in the observed time period.<\/p>\n\n\n\n<p>The most important goal of this project is the promotion of the value of cultural, scientific and industrial heritage, important for new generations of users of cultural and artistic content, but also for contemporaries of the era in which industrial complexes were created and the cultural, sociological, economic and demographic trends associated with them.<\/p>\n\n\n\n<p>FASIH focuses on interdisciplinary artistic-scientific research of industrial and cultural heritage through the discovery, research and evaluation of those architectural achievements and immaterial processes that marked the modern history of the three mentioned cities.<\/p>\n\n\n\n<figure class=\"wp-block-gallery has-nested-images columns-default is-cropped wp-block-gallery-1 is-layout-flex wp-block-gallery-is-layout-flex\">\n<figure class=\"wp-block-image size-large\"><img loading=\"lazy\" decoding=\"async\" width=\"1024\" height=\"729\" data-id=\"120\" src=\"https:\/\/socri.uniri.hr\/eng\/wp-content\/uploads\/sites\/2\/2023\/05\/Trbovlje-Slovenija-1024x729.jpg\" alt=\"\" class=\"wp-image-120\" srcset=\"https:\/\/socri.uniri.hr\/eng\/wp-content\/uploads\/sites\/2\/2023\/05\/Trbovlje-Slovenija-1024x729.jpg 1024w, https:\/\/socri.uniri.hr\/eng\/wp-content\/uploads\/sites\/2\/2023\/05\/Trbovlje-Slovenija-300x214.jpg 300w, https:\/\/socri.uniri.hr\/eng\/wp-content\/uploads\/sites\/2\/2023\/05\/Trbovlje-Slovenija-768x547.jpg 768w, https:\/\/socri.uniri.hr\/eng\/wp-content\/uploads\/sites\/2\/2023\/05\/Trbovlje-Slovenija-1536x1094.jpg 1536w, https:\/\/socri.uniri.hr\/eng\/wp-content\/uploads\/sites\/2\/2023\/05\/Trbovlje-Slovenija.jpg 1920w\" sizes=\"(max-width: 1024px) 100vw, 1024px\" \/><\/figure>\n\n\n\n<figure class=\"wp-block-image size-large\"><img loading=\"lazy\" decoding=\"async\" width=\"1024\" height=\"670\" data-id=\"123\" src=\"https:\/\/socri.uniri.hr\/eng\/wp-content\/uploads\/sites\/2\/2023\/05\/Trbovlje-Slovenija_-1024x670.jpg\" alt=\"\" class=\"wp-image-123\" srcset=\"https:\/\/socri.uniri.hr\/eng\/wp-content\/uploads\/sites\/2\/2023\/05\/Trbovlje-Slovenija_-1024x670.jpg 1024w, https:\/\/socri.uniri.hr\/eng\/wp-content\/uploads\/sites\/2\/2023\/05\/Trbovlje-Slovenija_-300x196.jpg 300w, https:\/\/socri.uniri.hr\/eng\/wp-content\/uploads\/sites\/2\/2023\/05\/Trbovlje-Slovenija_-768x502.jpg 768w, https:\/\/socri.uniri.hr\/eng\/wp-content\/uploads\/sites\/2\/2023\/05\/Trbovlje-Slovenija_-1536x1005.jpg 1536w, https:\/\/socri.uniri.hr\/eng\/wp-content\/uploads\/sites\/2\/2023\/05\/Trbovlje-Slovenija_.jpg 1920w\" sizes=\"(max-width: 1024px) 100vw, 1024px\" \/><\/figure>\n\n\n\n<figure class=\"wp-block-image size-large\"><img loading=\"lazy\" decoding=\"async\" width=\"1024\" height=\"683\" data-id=\"121\" src=\"https:\/\/socri.uniri.hr\/eng\/wp-content\/uploads\/sites\/2\/2023\/05\/Snaga-i-svetlost_Beograd-1024x683.jpg\" alt=\"\" class=\"wp-image-121\" srcset=\"https:\/\/socri.uniri.hr\/eng\/wp-content\/uploads\/sites\/2\/2023\/05\/Snaga-i-svetlost_Beograd-1024x683.jpg 1024w, https:\/\/socri.uniri.hr\/eng\/wp-content\/uploads\/sites\/2\/2023\/05\/Snaga-i-svetlost_Beograd-300x200.jpg 300w, https:\/\/socri.uniri.hr\/eng\/wp-content\/uploads\/sites\/2\/2023\/05\/Snaga-i-svetlost_Beograd-768x512.jpg 768w, https:\/\/socri.uniri.hr\/eng\/wp-content\/uploads\/sites\/2\/2023\/05\/Snaga-i-svetlost_Beograd-1536x1024.jpg 1536w, https:\/\/socri.uniri.hr\/eng\/wp-content\/uploads\/sites\/2\/2023\/05\/Snaga-i-svetlost_Beograd.jpg 1920w\" sizes=\"(max-width: 1024px) 100vw, 1024px\" \/><\/figure>\n\n\n\n<figure class=\"wp-block-image size-large\"><img loading=\"lazy\" decoding=\"async\" width=\"1024\" height=\"682\" data-id=\"122\" src=\"https:\/\/socri.uniri.hr\/eng\/wp-content\/uploads\/sites\/2\/2023\/05\/Snaga-i-svetlost__Beograd-1024x682.jpg\" alt=\"\" class=\"wp-image-122\" srcset=\"https:\/\/socri.uniri.hr\/eng\/wp-content\/uploads\/sites\/2\/2023\/05\/Snaga-i-svetlost__Beograd-1024x682.jpg 1024w, https:\/\/socri.uniri.hr\/eng\/wp-content\/uploads\/sites\/2\/2023\/05\/Snaga-i-svetlost__Beograd-300x200.jpg 300w, https:\/\/socri.uniri.hr\/eng\/wp-content\/uploads\/sites\/2\/2023\/05\/Snaga-i-svetlost__Beograd-768x512.jpg 768w, https:\/\/socri.uniri.hr\/eng\/wp-content\/uploads\/sites\/2\/2023\/05\/Snaga-i-svetlost__Beograd.jpg 1280w\" sizes=\"(max-width: 1024px) 100vw, 1024px\" \/><\/figure>\n\n\n\n<figure class=\"wp-block-image size-large\"><img loading=\"lazy\" decoding=\"async\" width=\"1024\" height=\"677\" data-id=\"124\" src=\"https:\/\/socri.uniri.hr\/eng\/wp-content\/uploads\/sites\/2\/2023\/05\/Hartera-tvornica_Rijeka.png\" alt=\"\" class=\"wp-image-124\" srcset=\"https:\/\/socri.uniri.hr\/eng\/wp-content\/uploads\/sites\/2\/2023\/05\/Hartera-tvornica_Rijeka.png 1024w, https:\/\/socri.uniri.hr\/eng\/wp-content\/uploads\/sites\/2\/2023\/05\/Hartera-tvornica_Rijeka-300x198.png 300w, https:\/\/socri.uniri.hr\/eng\/wp-content\/uploads\/sites\/2\/2023\/05\/Hartera-tvornica_Rijeka-768x508.png 768w\" sizes=\"(max-width: 1024px) 100vw, 1024px\" \/><\/figure>\n\n\n\n<figure class=\"wp-block-image size-large\"><img loading=\"lazy\" decoding=\"async\" width=\"1024\" height=\"682\" data-id=\"125\" src=\"https:\/\/socri.uniri.hr\/eng\/wp-content\/uploads\/sites\/2\/2023\/05\/Hartera-tvornica-Rijeka-1024x682.jpg\" alt=\"\" class=\"wp-image-125\" srcset=\"https:\/\/socri.uniri.hr\/eng\/wp-content\/uploads\/sites\/2\/2023\/05\/Hartera-tvornica-Rijeka-1024x682.jpg 1024w, https:\/\/socri.uniri.hr\/eng\/wp-content\/uploads\/sites\/2\/2023\/05\/Hartera-tvornica-Rijeka-300x200.jpg 300w, https:\/\/socri.uniri.hr\/eng\/wp-content\/uploads\/sites\/2\/2023\/05\/Hartera-tvornica-Rijeka-768x512.jpg 768w, https:\/\/socri.uniri.hr\/eng\/wp-content\/uploads\/sites\/2\/2023\/05\/Hartera-tvornica-Rijeka.jpg 1280w\" sizes=\"(max-width: 1024px) 100vw, 1024px\" \/><\/figure>\n<\/figure>\n\n\n\n<p><\/p>\n\n\n\n<div class=\"wp-block-pb-accordion-item c-accordion__item js-accordion-item no-js is-open\" data-initially-open=\"true\" data-click-to-close=\"true\" data-auto-close=\"true\" data-scroll=\"false\" data-scroll-offset=\"0\"><h2 id=\"at-270\" class=\"c-accordion__title js-accordion-controller\" role=\"button\">Project activities<\/h2><div id=\"ac-270\" class=\"c-accordion__content\">\n<ul>\n<li><a href=\"https:\/\/socri.uniri.hr\/fasih-konferencija\/\">Final conference on the FASIH project: Industrial Heritage through Art&amp;Science Lenses (Industrijska ba\u0161tina kroz art&amp;science nao\u010dale)<\/a><\/li>\n\n\n\n<li><a href=\"https:\/\/socri.uniri.hr\/eng\/fasih-exhibition\/\" data-type=\"link\" data-id=\"https:\/\/socri.uniri.hr\/eng\/fasih-exhibition\/\">Exhibition: Industrial Herritage through Art&amp;Science Lenses <\/a><\/li>\n\n\n\n<li><a href=\"https:\/\/socri.uniri.hr\/blog\/2024\/11\/04\/fasih-projektni-sastanak-beograd\/\" data-type=\"link\" data-id=\"https:\/\/socri.uniri.hr\/blog\/2024\/11\/04\/fasih-projektni-sastanak-beograd\/\">Project meeting in Beograd, 28.10.-29.10.2024<\/a><\/li>\n\n\n\n<li><a href=\"https:\/\/socri.uniri.hr\/3d-model-hartere\/\" data-type=\"link\" data-id=\"https:\/\/socri.uniri.hr\/3d-model-hartere\/\">3d model of Hartera<\/a><\/li>\n\n\n\n<li><a href=\"https:\/\/socri.uniri.hr\/blog\/2024\/08\/02\/ocuvanje-kulturnog-i-industrijskog-nasledaizabrani-radovi-za-produkciju-u-okviru-projekta-fasih\/\" data-type=\"link\" data-id=\"https:\/\/socri.uniri.hr\/blog\/2024\/08\/02\/ocuvanje-kulturnog-i-industrijskog-nasledaizabrani-radovi-za-produkciju-u-okviru-projekta-fasih\/\">O\u010duvanje kulturnog i industrijskog naslje\u0111a: izabrani radovi za produkciju u okviru projekta FASIH<\/a><\/li>\n\n\n\n<li><a href=\"http:\/\/socri.uniri.hr\/wp-content\/uploads\/2024\/05\/Javni-poziv-za-sudjelovanje-na-projektu-FASIH_1.pdf\" data-type=\"link\" data-id=\"http:\/\/socri.uniri.hr\/wp-content\/uploads\/2024\/05\/Javni-poziv-za-sudjelovanje-na-projektu-FASIH_1.pdf\">Javni poziv za razvoj i produkciju interdisciplinarnih znanstvenih i umjetni\u010dkih projekata autora i autorskih timova<\/a> (8. svibnja 2024. godine)<\/li>\n\n\n\n<li>Project meeting in Cres, 25.3. &#8211; 27.3.2024. Vi\u0161e informacija prona\u0111ite <a href=\"https:\/\/socri.uniri.hr\/blog\/2024\/03\/29\/projektni-sastanak-u-okviru-projekta-fasih\/\" data-type=\"link\" data-id=\"https:\/\/socri.uniri.hr\/blog\/2024\/03\/29\/projektni-sastanak-u-okviru-projekta-fasih\/\">ovdje<\/a>.<\/li>\n\n\n\n<li>Hartera guided tour, 24.3.2024. Vi\u0161e informacija prona\u0111ite <a href=\"https:\/\/socri.uniri.hr\/blog\/2024\/03\/29\/vodena-setnja-harterom\/\" data-type=\"link\" data-id=\"https:\/\/socri.uniri.hr\/blog\/2024\/03\/29\/vodena-setnja-harterom\/\">ovdje<\/a>.<\/li>\n\n\n\n<li>Series of lectures: Tvornica papira u Rijeci u sklopu Sveu\u010dili\u0161ta za tre\u0107u dob. Vi\u0161e informacija prona\u0111ite <a href=\"https:\/\/uniri.hr\/vijesti\/otvoreni-upisi-u-proljetni-ciklus-predavanja-i-radionica-u-sklopu-programa-sveucilista-za-3-dob-2024\/\" data-type=\"link\" data-id=\"https:\/\/uniri.hr\/vijesti\/otvoreni-upisi-u-proljetni-ciklus-predavanja-i-radionica-u-sklopu-programa-sveucilista-za-3-dob-2024\/\">ovdje<\/a>.<\/li>\n\n\n\n<li>Workshop <a href=\"https:\/\/socri.uniri.hr\/wp-content\/uploads\/2024\/03\/1000015251.jpg\" data-type=\"link\" data-id=\"https:\/\/socri.uniri.hr\/wp-content\/uploads\/2024\/03\/1000015251.jpg\">Science&amp;Art@Hartera for students<\/a>.<\/li>\n\n\n\n<li>Worhshop <a href=\"https:\/\/socri.uniri.hr\/sci_art_hartera2024\/\">Science&amp;Art@Hartera<\/a> (1. velja\u010de 2024. godine)<\/li>\n\n\n\n<li>21. i 22.9.2023. project meeting in Trbovlje<\/li>\n<\/ul>\n\n\n\n<figure class=\"wp-block-image aligncenter size-large\"><a href=\"http:\/\/socri.uniri.hr\/wp-content\/uploads\/2023\/09\/IMG_6166.jpeg\"><img decoding=\"async\" src=\"http:\/\/socri.uniri.hr\/wp-content\/uploads\/2023\/09\/IMG_6166-1024x576.jpeg\" alt=\"\" class=\"wp-image-568\" style=\"object-fit:cover\"\/><\/a><\/figure>\n\n\n\n<ul>\n<li>First project meeting in Beogradu je 27. i 28. 3.2023.<\/li>\n<\/ul>\n\n\n\n<figure class=\"wp-block-image aligncenter size-large\"><a href=\"http:\/\/socri.uniri.hr\/wp-content\/uploads\/2023\/05\/FASIH_grupna-fotografija_27032023-scaled.jpg\"><img decoding=\"async\" src=\"http:\/\/socri.uniri.hr\/wp-content\/uploads\/2023\/05\/FASIH_grupna-fotografija_27032023-1024x461.jpg\" alt=\"\" class=\"wp-image-191\"\/><\/a><\/figure>\n<\/div><\/div>\n\n\n\n<p><\/p>\n\n\n\n<figure class=\"wp-block-image size-large\"><img loading=\"lazy\" decoding=\"async\" width=\"1024\" height=\"575\" src=\"https:\/\/socri.uniri.hr\/eng\/wp-content\/uploads\/sites\/2\/2023\/05\/Logo-FASIH-2-1024x575.png\" alt=\"\" class=\"wp-image-129\" srcset=\"https:\/\/socri.uniri.hr\/eng\/wp-content\/uploads\/sites\/2\/2023\/05\/Logo-FASIH-2-1024x575.png 1024w, https:\/\/socri.uniri.hr\/eng\/wp-content\/uploads\/sites\/2\/2023\/05\/Logo-FASIH-2-300x168.png 300w, https:\/\/socri.uniri.hr\/eng\/wp-content\/uploads\/sites\/2\/2023\/05\/Logo-FASIH-2-768x431.png 768w, https:\/\/socri.uniri.hr\/eng\/wp-content\/uploads\/sites\/2\/2023\/05\/Logo-FASIH-2.png 1190w\" sizes=\"(max-width: 1024px) 100vw, 1024px\" \/><\/figure>\n","protected":false},"excerpt":{"rendered":"<p>FASIH PRESERVATION OF INDUSTRIAL HERITAGE IN CROATIA, SLOVENIA, AND SERBIA On March 27, 2023, in Belgrade. started the FASIH project, which deals with the revaluation of industrial heritage in Southeast Europe and gathers partners from Rijeka in Croatia, Trbovlja in Slovenia, and Belgrade, Serbia The project FASIH &#8211; Future Art and Science in Industrial Heritage, &hellip;<\/p>\n<p class=\"read-more\"> <a class=\"\" href=\"https:\/\/socri.uniri.hr\/eng\/projects\/fasih\/\"> <span class=\"screen-reader-text\">FASIH<\/span> Read More &raquo;<\/a><\/p>\n","protected":false},"author":2,"featured_media":0,"parent":16,"menu_order":0,"comment_status":"closed","ping_status":"closed","template":"","meta":{"site-sidebar-layout":"default","site-content-layout":"default","ast-global-header-display":"","ast-banner-title-visibility":"","ast-main-header-display":"","ast-hfb-above-header-display":"","ast-hfb-below-header-display":"","ast-hfb-mobile-header-display":"","site-post-title":"disabled","ast-breadcrumbs-content":"","ast-featured-img":"","footer-sml-layout":"","theme-transparent-header-meta":"","adv-header-id-meta":"","stick-header-meta":"","header-above-stick-meta":"","header-main-stick-meta":"","header-below-stick-meta":"","footnotes":""},"_links":{"self":[{"href":"https:\/\/socri.uniri.hr\/eng\/wp-json\/wp\/v2\/pages\/27"}],"collection":[{"href":"https:\/\/socri.uniri.hr\/eng\/wp-json\/wp\/v2\/pages"}],"about":[{"href":"https:\/\/socri.uniri.hr\/eng\/wp-json\/wp\/v2\/types\/page"}],"author":[{"embeddable":true,"href":"https:\/\/socri.uniri.hr\/eng\/wp-json\/wp\/v2\/users\/2"}],"replies":[{"embeddable":true,"href":"https:\/\/socri.uniri.hr\/eng\/wp-json\/wp\/v2\/comments?post=27"}],"version-history":[{"count":9,"href":"https:\/\/socri.uniri.hr\/eng\/wp-json\/wp\/v2\/pages\/27\/revisions"}],"predecessor-version":[{"id":655,"href":"https:\/\/socri.uniri.hr\/eng\/wp-json\/wp\/v2\/pages\/27\/revisions\/655"}],"up":[{"embeddable":true,"href":"https:\/\/socri.uniri.hr\/eng\/wp-json\/wp\/v2\/pages\/16"}],"wp:attachment":[{"href":"https:\/\/socri.uniri.hr\/eng\/wp-json\/wp\/v2\/media?parent=27"}],"curies":[{"name":"wp","href":"https:\/\/api.w.org\/{rel}","templated":true}]}}