{"id":295,"date":"2023-06-19T01:12:35","date_gmt":"2023-06-18T23:12:35","guid":{"rendered":"https:\/\/socri.uniri.hr\/eng\/?page_id=295"},"modified":"2023-06-19T01:13:48","modified_gmt":"2023-06-18T23:13:48","slug":"image-12","status":"publish","type":"page","link":"https:\/\/socri.uniri.hr\/eng\/image-12\/","title":{"rendered":"Image 12: Stress distribution in an aluminium specimen with drilled holes"},"content":{"rendered":"\n<figure class=\"wp-block-image size-full\"><img loading=\"lazy\" decoding=\"async\" width=\"550\" height=\"550\" src=\"https:\/\/socri.uniri.hr\/eng\/wp-content\/uploads\/sites\/2\/2023\/06\/Slika12-principalstress-1-1.png\" alt=\"\" class=\"wp-image-299\" srcset=\"https:\/\/socri.uniri.hr\/eng\/wp-content\/uploads\/sites\/2\/2023\/06\/Slika12-principalstress-1-1.png 550w, https:\/\/socri.uniri.hr\/eng\/wp-content\/uploads\/sites\/2\/2023\/06\/Slika12-principalstress-1-1-300x300.png 300w, https:\/\/socri.uniri.hr\/eng\/wp-content\/uploads\/sites\/2\/2023\/06\/Slika12-principalstress-1-1-150x150.png 150w\" sizes=\"(max-width: 550px) 100vw, 550px\" \/><\/figure>\n\n\n\n<p>Autori: Laura \u017dikovi\u0107, Edita Papa Duki\u0107, Damjan Jurkovi\u0107<\/p>\n\n\n\n<p>Projekt: <a href=\"https:\/\/fimcos.gradri.uniri.hr\/\">FIMCOS<\/a><\/p>\n\n\n\n<p>The picture shows stress distribution in an aluminium specimen with drilled holes. The highest stress concentrations are visible above the holes closest to the edges of the sample.&nbsp; The picture is the result of a mathematical model that served as a validation of experiments conducted to prove the alternative calculation theories.&nbsp;<\/p>\n\n\n\n<figure class=\"wp-block-embed is-type-video is-provider-youtube wp-block-embed-youtube wp-embed-aspect-16-9 wp-has-aspect-ratio\"><div class=\"wp-block-embed__wrapper\">\n<div class=\"ast-oembed-container\" style=\"height: 100%;\"><iframe loading=\"lazy\" title=\"[ai] explore slika 12\" width=\"500\" height=\"281\" src=\"https:\/\/www.youtube.com\/embed\/5__jnZyVVjQ?feature=oembed\" frameborder=\"0\" allow=\"accelerometer; autoplay; clipboard-write; encrypted-media; gyroscope; picture-in-picture; web-share\" allowfullscreen><\/iframe><\/div>\n<\/div><\/figure>\n","protected":false},"excerpt":{"rendered":"<p>Autori: Laura \u017dikovi\u0107, Edita Papa Duki\u0107, Damjan Jurkovi\u0107 Projekt: FIMCOS The picture shows stress distribution in an aluminium specimen with drilled holes. The highest stress concentrations are visible above the holes closest to the edges of the sample.&nbsp; The picture is the result of a mathematical model that served as a validation of experiments conducted &hellip;<\/p>\n<p class=\"read-more\"> <a class=\"\" href=\"https:\/\/socri.uniri.hr\/eng\/image-12\/\"> <span class=\"screen-reader-text\">Image 12: Stress distribution in an aluminium specimen with drilled holes<\/span> Read More &raquo;<\/a><\/p>\n","protected":false},"author":2,"featured_media":0,"parent":0,"menu_order":0,"comment_status":"closed","ping_status":"closed","template":"","meta":{"site-sidebar-layout":"default","site-content-layout":"default","ast-global-header-display":"","ast-banner-title-visibility":"","ast-main-header-display":"","ast-hfb-above-header-display":"","ast-hfb-below-header-display":"","ast-hfb-mobile-header-display":"","site-post-title":"","ast-breadcrumbs-content":"","ast-featured-img":"","footer-sml-layout":"","theme-transparent-header-meta":"","adv-header-id-meta":"","stick-header-meta":"","header-above-stick-meta":"","header-main-stick-meta":"","header-below-stick-meta":"","footnotes":""},"_links":{"self":[{"href":"https:\/\/socri.uniri.hr\/eng\/wp-json\/wp\/v2\/pages\/295"}],"collection":[{"href":"https:\/\/socri.uniri.hr\/eng\/wp-json\/wp\/v2\/pages"}],"about":[{"href":"https:\/\/socri.uniri.hr\/eng\/wp-json\/wp\/v2\/types\/page"}],"author":[{"embeddable":true,"href":"https:\/\/socri.uniri.hr\/eng\/wp-json\/wp\/v2\/users\/2"}],"replies":[{"embeddable":true,"href":"https:\/\/socri.uniri.hr\/eng\/wp-json\/wp\/v2\/comments?post=295"}],"version-history":[{"count":3,"href":"https:\/\/socri.uniri.hr\/eng\/wp-json\/wp\/v2\/pages\/295\/revisions"}],"predecessor-version":[{"id":301,"href":"https:\/\/socri.uniri.hr\/eng\/wp-json\/wp\/v2\/pages\/295\/revisions\/301"}],"wp:attachment":[{"href":"https:\/\/socri.uniri.hr\/eng\/wp-json\/wp\/v2\/media?parent=295"}],"curies":[{"name":"wp","href":"https:\/\/api.w.org\/{rel}","templated":true}]}}