{"id":302,"date":"2023-06-19T01:14:01","date_gmt":"2023-06-18T23:14:01","guid":{"rendered":"https:\/\/socri.uniri.hr\/eng\/?page_id=302"},"modified":"2023-06-19T01:16:02","modified_gmt":"2023-06-18T23:16:02","slug":"image-13","status":"publish","type":"page","link":"https:\/\/socri.uniri.hr\/eng\/image-13\/","title":{"rendered":"Image 13: bow yielding forms"},"content":{"rendered":"\n<figure class=\"wp-block-image size-full\"><img loading=\"lazy\" decoding=\"async\" width=\"750\" height=\"750\" src=\"https:\/\/socri.uniri.hr\/eng\/wp-content\/uploads\/sites\/2\/2023\/06\/Slika13-65883-1-1.png\" alt=\"\" class=\"wp-image-307\" srcset=\"https:\/\/socri.uniri.hr\/eng\/wp-content\/uploads\/sites\/2\/2023\/06\/Slika13-65883-1-1.png 750w, https:\/\/socri.uniri.hr\/eng\/wp-content\/uploads\/sites\/2\/2023\/06\/Slika13-65883-1-1-300x300.png 300w, https:\/\/socri.uniri.hr\/eng\/wp-content\/uploads\/sites\/2\/2023\/06\/Slika13-65883-1-1-150x150.png 150w\" sizes=\"(max-width: 750px) 100vw, 750px\" \/><\/figure>\n\n\n\n<p>Authors: Paulo \u0160\u0107ulac, Matei Cukari\u0107, Nina \u010ceh<\/p>\n\n\n\n<p>Masonry arches loaded with dynamic (time-varying) excitation can show different forms of behavior, during which the contacts between individual blocks in the arch open and close again. The picture shows the opening of the contacts, which ultimately led to the breakdown, that is, the collapse of the arc.<br>The picture was created as part of research for Matei Cukari\u0107&#8217;s graduation thesis.<\/p>\n\n\n\n<figure class=\"wp-block-embed is-type-video is-provider-youtube wp-block-embed-youtube wp-embed-aspect-16-9 wp-has-aspect-ratio\"><div class=\"wp-block-embed__wrapper\">\n<div class=\"ast-oembed-container\" style=\"height: 100%;\"><iframe loading=\"lazy\" title=\"[ai] explore slika 13\" width=\"500\" height=\"281\" src=\"https:\/\/www.youtube.com\/embed\/EW1JhqFG5yo?feature=oembed\" frameborder=\"0\" allow=\"accelerometer; autoplay; clipboard-write; encrypted-media; gyroscope; picture-in-picture; web-share\" allowfullscreen><\/iframe><\/div>\n<\/div><\/figure>\n","protected":false},"excerpt":{"rendered":"<p>Authors: Paulo \u0160\u0107ulac, Matei Cukari\u0107, Nina \u010ceh Masonry arches loaded with dynamic (time-varying) excitation can show different forms of behavior, during which the contacts between individual blocks in the arch open and close again. The picture shows the opening of the contacts, which ultimately led to the breakdown, that is, the collapse of the arc.The &hellip;<\/p>\n<p class=\"read-more\"> <a class=\"\" href=\"https:\/\/socri.uniri.hr\/eng\/image-13\/\"> <span class=\"screen-reader-text\">Image 13: bow yielding forms<\/span> Read More &raquo;<\/a><\/p>\n","protected":false},"author":2,"featured_media":0,"parent":0,"menu_order":0,"comment_status":"closed","ping_status":"closed","template":"","meta":{"site-sidebar-layout":"default","site-content-layout":"default","ast-global-header-display":"","ast-banner-title-visibility":"","ast-main-header-display":"","ast-hfb-above-header-display":"","ast-hfb-below-header-display":"","ast-hfb-mobile-header-display":"","site-post-title":"","ast-breadcrumbs-content":"","ast-featured-img":"","footer-sml-layout":"","theme-transparent-header-meta":"","adv-header-id-meta":"","stick-header-meta":"","header-above-stick-meta":"","header-main-stick-meta":"","header-below-stick-meta":"","footnotes":""},"_links":{"self":[{"href":"https:\/\/socri.uniri.hr\/eng\/wp-json\/wp\/v2\/pages\/302"}],"collection":[{"href":"https:\/\/socri.uniri.hr\/eng\/wp-json\/wp\/v2\/pages"}],"about":[{"href":"https:\/\/socri.uniri.hr\/eng\/wp-json\/wp\/v2\/types\/page"}],"author":[{"embeddable":true,"href":"https:\/\/socri.uniri.hr\/eng\/wp-json\/wp\/v2\/users\/2"}],"replies":[{"embeddable":true,"href":"https:\/\/socri.uniri.hr\/eng\/wp-json\/wp\/v2\/comments?post=302"}],"version-history":[{"count":4,"href":"https:\/\/socri.uniri.hr\/eng\/wp-json\/wp\/v2\/pages\/302\/revisions"}],"predecessor-version":[{"id":311,"href":"https:\/\/socri.uniri.hr\/eng\/wp-json\/wp\/v2\/pages\/302\/revisions\/311"}],"wp:attachment":[{"href":"https:\/\/socri.uniri.hr\/eng\/wp-json\/wp\/v2\/media?parent=302"}],"curies":[{"name":"wp","href":"https:\/\/api.w.org\/{rel}","templated":true}]}}