{"id":330,"date":"2023-06-19T01:21:48","date_gmt":"2023-06-18T23:21:48","guid":{"rendered":"https:\/\/socri.uniri.hr\/eng\/?page_id=330"},"modified":"2023-06-19T01:22:55","modified_gmt":"2023-06-18T23:22:55","slug":"image-17","status":"publish","type":"page","link":"https:\/\/socri.uniri.hr\/eng\/image-17\/","title":{"rendered":"Image 17: Oscilations"},"content":{"rendered":"\n<figure class=\"wp-block-image size-full\"><img loading=\"lazy\" decoding=\"async\" width=\"534\" height=\"534\" src=\"https:\/\/socri.uniri.hr\/eng\/wp-content\/uploads\/sites\/2\/2023\/06\/Image7Oscilacije-1-1.png\" alt=\"\" class=\"wp-image-335\" srcset=\"https:\/\/socri.uniri.hr\/eng\/wp-content\/uploads\/sites\/2\/2023\/06\/Image7Oscilacije-1-1.png 534w, https:\/\/socri.uniri.hr\/eng\/wp-content\/uploads\/sites\/2\/2023\/06\/Image7Oscilacije-1-1-300x300.png 300w, https:\/\/socri.uniri.hr\/eng\/wp-content\/uploads\/sites\/2\/2023\/06\/Image7Oscilacije-1-1-150x150.png 150w\" sizes=\"(max-width: 534px) 100vw, 534px\" \/><\/figure>\n\n\n\n<p>Autori: Adriana Brandis (Gra\u0111evinski fakultet Sveu\u010dili\u0161ta u Osijeku), Nina \u010ceh, vedran Jagodnik<\/p>\n\n\n\n<p>A reduced and simplified model of a structure that is based on soil helps us understand how such a structure will behave during an earthquake and how the characteristics of the ground in which it is based will affect that behavior. The picture shows one of a few experiments in which the model of the structure is based in sand of different humidity. The picture shows displacement vectors that show how much and in which direction each tracked point on the structure itself moved during the test in an artificially simulated earthquake.<\/p>\n\n\n\n<p>The picture was created as a part of the laboratory tests for the doctoral dissertation of Adriana Brandis.<\/p>\n\n\n\n<figure class=\"wp-block-embed is-type-video is-provider-youtube wp-block-embed-youtube wp-embed-aspect-16-9 wp-has-aspect-ratio\"><div class=\"wp-block-embed__wrapper\">\n<div class=\"ast-oembed-container\" style=\"height: 100%;\"><iframe loading=\"lazy\" title=\"[ai] explore slika 17\" width=\"500\" height=\"281\" src=\"https:\/\/www.youtube.com\/embed\/hYVd6A1139s?feature=oembed\" frameborder=\"0\" allow=\"accelerometer; autoplay; clipboard-write; encrypted-media; gyroscope; picture-in-picture; web-share\" allowfullscreen><\/iframe><\/div>\n<\/div><\/figure>\n","protected":false},"excerpt":{"rendered":"<p>Autori: Adriana Brandis (Gra\u0111evinski fakultet Sveu\u010dili\u0161ta u Osijeku), Nina \u010ceh, vedran Jagodnik A reduced and simplified model of a structure that is based on soil helps us understand how such a structure will behave during an earthquake and how the characteristics of the ground in which it is based will affect that behavior. The picture &hellip;<\/p>\n<p class=\"read-more\"> <a class=\"\" href=\"https:\/\/socri.uniri.hr\/eng\/image-17\/\"> <span class=\"screen-reader-text\">Image 17: Oscilations<\/span> Read More &raquo;<\/a><\/p>\n","protected":false},"author":2,"featured_media":0,"parent":0,"menu_order":0,"comment_status":"closed","ping_status":"closed","template":"","meta":{"site-sidebar-layout":"default","site-content-layout":"default","ast-global-header-display":"","ast-banner-title-visibility":"","ast-main-header-display":"","ast-hfb-above-header-display":"","ast-hfb-below-header-display":"","ast-hfb-mobile-header-display":"","site-post-title":"","ast-breadcrumbs-content":"","ast-featured-img":"","footer-sml-layout":"","theme-transparent-header-meta":"","adv-header-id-meta":"","stick-header-meta":"","header-above-stick-meta":"","header-main-stick-meta":"","header-below-stick-meta":"","footnotes":""},"_links":{"self":[{"href":"https:\/\/socri.uniri.hr\/eng\/wp-json\/wp\/v2\/pages\/330"}],"collection":[{"href":"https:\/\/socri.uniri.hr\/eng\/wp-json\/wp\/v2\/pages"}],"about":[{"href":"https:\/\/socri.uniri.hr\/eng\/wp-json\/wp\/v2\/types\/page"}],"author":[{"embeddable":true,"href":"https:\/\/socri.uniri.hr\/eng\/wp-json\/wp\/v2\/users\/2"}],"replies":[{"embeddable":true,"href":"https:\/\/socri.uniri.hr\/eng\/wp-json\/wp\/v2\/comments?post=330"}],"version-history":[{"count":3,"href":"https:\/\/socri.uniri.hr\/eng\/wp-json\/wp\/v2\/pages\/330\/revisions"}],"predecessor-version":[{"id":336,"href":"https:\/\/socri.uniri.hr\/eng\/wp-json\/wp\/v2\/pages\/330\/revisions\/336"}],"wp:attachment":[{"href":"https:\/\/socri.uniri.hr\/eng\/wp-json\/wp\/v2\/media?parent=330"}],"curies":[{"name":"wp","href":"https:\/\/api.w.org\/{rel}","templated":true}]}}