{"id":434,"date":"2024-05-15T13:40:58","date_gmt":"2024-05-15T11:40:58","guid":{"rendered":"https:\/\/socri.uniri.hr\/eng\/?page_id=434"},"modified":"2025-02-28T00:56:01","modified_gmt":"2025-02-27T23:56:01","slug":"popular-science-exhibition-science-inspired-by-nature","status":"publish","type":"page","link":"https:\/\/socri.uniri.hr\/eng\/popular-science-exhibition-science-inspired-by-nature\/","title":{"rendered":"Popular science exhibition Bioinspired science"},"content":{"rendered":"\n<p>Science Outreach Centre conceived and organized a popular science exhibition called Bioinspired science. <\/p>\n\n\n\n<p>People have always been inspired by nature, recognizing that it offers solutions to many challenges and complex situations. Being a part of nature ourselves, we realized that it is a source of creativity and innovation, and its study and imitation enabled us to develop many revolutionary technologies and designs that have improved our life and work. <\/p>\n\n\n\n<p>Bio-inspired science is an area where scientists get inspiration from nature to solve complex human problems and to obtain improvements and innovations in technology. <\/p>\n\n\n\n<p>As part of the exhibition, we present examples of bioinspiration in various scientific fields that University of Rijeka scientists deal with. We believe that we have encouraged you to appreciate nature, the preservation of which is not only a prerequisite for our life but also the key to the prosperity of life on Earth, including us humans. Therefore, we should perceive nature less as a material resource that we exploit, and more as an inspiration to solve the enormous challenges of today and create a sustainable future. <\/p>\n\n\n\n<p><em>Albert Einstein said: &#8220;Look deep into nature and you will do anything.&#8221; understand better&#8221;. <\/em><\/p>\n\n\n\n<p>The popular science exhibition was prepared with the help of artificial intelligence tools and is the result of the Center&#8217;s cooperation with the Natural History Museum of Rijeka and several components University of Rijeka: Faculty of Biotechnology and Drug Development, Faculty of Physics,  Faculty of Mathematics and the Faculty of Law, and it is signed by a group of scientists: Jelena Ban, Bojan Crnkovi\u0107, Ana Filo\u0161evi\u0107 Vujnovi\u0107, Ivana Jelovica Badovinac, Ivana Kunda, Nela Malatesti, Marina Manganaro, Vedrana Mikuli\u0107 Crnkovi\u0107, \u017deljka Modri\u0107 Surina, Bo\u0161tjan Surina, Ivona Traunkar.<\/p>\n\n\n\n<figure class=\"wp-block-image aligncenter size-large is-resized\"><img loading=\"lazy\" decoding=\"async\" width=\"1024\" height=\"144\" src=\"https:\/\/socri.uniri.hr\/eng\/wp-content\/uploads\/sites\/2\/2024\/05\/logici-1024x144.png\" alt=\"\" class=\"wp-image-435\" style=\"width:875px;height:auto\" srcset=\"https:\/\/socri.uniri.hr\/eng\/wp-content\/uploads\/sites\/2\/2024\/05\/logici-1024x144.png 1024w, https:\/\/socri.uniri.hr\/eng\/wp-content\/uploads\/sites\/2\/2024\/05\/logici-300x42.png 300w, https:\/\/socri.uniri.hr\/eng\/wp-content\/uploads\/sites\/2\/2024\/05\/logici-768x108.png 768w, https:\/\/socri.uniri.hr\/eng\/wp-content\/uploads\/sites\/2\/2024\/05\/logici-1536x216.png 1536w, https:\/\/socri.uniri.hr\/eng\/wp-content\/uploads\/sites\/2\/2024\/05\/logici.png 1845w\" sizes=\"(max-width: 1024px) 100vw, 1024px\" \/><\/figure>\n\n\n\n<div class=\"wp-block-media-text is-stacked-on-mobile\" style=\"grid-template-columns:28% auto\"><figure class=\"wp-block-media-text__media\"><img loading=\"lazy\" decoding=\"async\" width=\"1024\" height=\"795\" src=\"https:\/\/socri.uniri.hr\/eng\/wp-content\/uploads\/sites\/2\/2024\/05\/Magic1-1024x795.png\" alt=\"\" class=\"wp-image-439 size-full\" srcset=\"https:\/\/socri.uniri.hr\/eng\/wp-content\/uploads\/sites\/2\/2024\/05\/Magic1-1024x795.png 1024w, https:\/\/socri.uniri.hr\/eng\/wp-content\/uploads\/sites\/2\/2024\/05\/Magic1-300x233.png 300w, https:\/\/socri.uniri.hr\/eng\/wp-content\/uploads\/sites\/2\/2024\/05\/Magic1-768x596.png 768w, https:\/\/socri.uniri.hr\/eng\/wp-content\/uploads\/sites\/2\/2024\/05\/Magic1.png 1176w\" sizes=\"(max-width: 1024px) 100vw, 1024px\" \/><\/figure><div class=\"wp-block-media-text__content\">\n<p><a href=\"https:\/\/socri.uniri.hr\/eng\/science-inspired-by-nature-image-1\/\" data-type=\"page\" data-id=\"462\">Description of Image 1<\/a><\/p>\n<\/div><\/div>\n\n\n\n<p><\/p>\n\n\n\n<div class=\"wp-block-media-text is-stacked-on-mobile\" style=\"grid-template-columns:28% auto\"><figure class=\"wp-block-media-text__media\"><img loading=\"lazy\" decoding=\"async\" width=\"1024\" height=\"793\" src=\"https:\/\/socri.uniri.hr\/eng\/wp-content\/uploads\/sites\/2\/2024\/05\/Magic2-1024x793.png\" alt=\"\" class=\"wp-image-440 size-full\" srcset=\"https:\/\/socri.uniri.hr\/eng\/wp-content\/uploads\/sites\/2\/2024\/05\/Magic2-1024x793.png 1024w, https:\/\/socri.uniri.hr\/eng\/wp-content\/uploads\/sites\/2\/2024\/05\/Magic2-300x232.png 300w, https:\/\/socri.uniri.hr\/eng\/wp-content\/uploads\/sites\/2\/2024\/05\/Magic2-768x595.png 768w, https:\/\/socri.uniri.hr\/eng\/wp-content\/uploads\/sites\/2\/2024\/05\/Magic2.png 1171w\" sizes=\"(max-width: 1024px) 100vw, 1024px\" \/><\/figure><div class=\"wp-block-media-text__content\">\n<p><a href=\"https:\/\/socri.uniri.hr\/eng\/science-inspired-by-nature-image-2\/\" data-type=\"link\" data-id=\"https:\/\/socri.uniri.hr\/eng\/science-inspired-by-nature-image-2\/\">Description of Image 2<\/a><\/p>\n<\/div><\/div>\n\n\n\n<p><\/p>\n\n\n\n<div class=\"wp-block-media-text is-stacked-on-mobile\" style=\"grid-template-columns:28% auto\"><figure class=\"wp-block-media-text__media\"><img loading=\"lazy\" decoding=\"async\" width=\"1024\" height=\"793\" src=\"https:\/\/socri.uniri.hr\/eng\/wp-content\/uploads\/sites\/2\/2024\/05\/Pcela-1024x793.png\" alt=\"\" class=\"wp-image-441 size-full\" srcset=\"https:\/\/socri.uniri.hr\/eng\/wp-content\/uploads\/sites\/2\/2024\/05\/Pcela-1024x793.png 1024w, https:\/\/socri.uniri.hr\/eng\/wp-content\/uploads\/sites\/2\/2024\/05\/Pcela-300x232.png 300w, https:\/\/socri.uniri.hr\/eng\/wp-content\/uploads\/sites\/2\/2024\/05\/Pcela-768x595.png 768w, https:\/\/socri.uniri.hr\/eng\/wp-content\/uploads\/sites\/2\/2024\/05\/Pcela.png 1176w\" sizes=\"(max-width: 1024px) 100vw, 1024px\" \/><\/figure><div class=\"wp-block-media-text__content\">\n<p><a href=\"https:\/\/socri.uniri.hr\/eng\/science-inspired-by-nature-image-3\/\" data-type=\"link\" data-id=\"https:\/\/socri.uniri.hr\/eng\/science-inspired-by-nature-image-3\/\">Description of Image 3<\/a><\/p>\n<\/div><\/div>\n\n\n\n<p><\/p>\n\n\n\n<div class=\"wp-block-media-text is-stacked-on-mobile\" style=\"grid-template-columns:28% auto\"><figure class=\"wp-block-media-text__media\"><img loading=\"lazy\" decoding=\"async\" width=\"1024\" height=\"804\" src=\"https:\/\/socri.uniri.hr\/eng\/wp-content\/uploads\/sites\/2\/2024\/05\/PenroseEscher-1024x804.png\" alt=\"\" class=\"wp-image-442 size-full\" srcset=\"https:\/\/socri.uniri.hr\/eng\/wp-content\/uploads\/sites\/2\/2024\/05\/PenroseEscher-1024x804.png 1024w, https:\/\/socri.uniri.hr\/eng\/wp-content\/uploads\/sites\/2\/2024\/05\/PenroseEscher-300x236.png 300w, https:\/\/socri.uniri.hr\/eng\/wp-content\/uploads\/sites\/2\/2024\/05\/PenroseEscher-768x603.png 768w, https:\/\/socri.uniri.hr\/eng\/wp-content\/uploads\/sites\/2\/2024\/05\/PenroseEscher.png 1183w\" sizes=\"(max-width: 1024px) 100vw, 1024px\" \/><\/figure><div class=\"wp-block-media-text__content\">\n<p><a href=\"https:\/\/socri.uniri.hr\/eng\/science-inspired-by-nature-image-4\/\" data-type=\"link\" data-id=\"https:\/\/socri.uniri.hr\/eng\/science-inspired-by-nature-image-4\/\">Description of Image 4<\/a><\/p>\n<\/div><\/div>\n\n\n\n<p><\/p>\n\n\n\n<div class=\"wp-block-media-text is-stacked-on-mobile\" style=\"grid-template-columns:28% auto\"><figure class=\"wp-block-media-text__media\"><img loading=\"lazy\" decoding=\"async\" width=\"1024\" height=\"813\" src=\"https:\/\/socri.uniri.hr\/eng\/wp-content\/uploads\/sites\/2\/2024\/05\/Porifini1-1024x813.png\" alt=\"\" class=\"wp-image-443 size-full\" srcset=\"https:\/\/socri.uniri.hr\/eng\/wp-content\/uploads\/sites\/2\/2024\/05\/Porifini1-1024x813.png 1024w, https:\/\/socri.uniri.hr\/eng\/wp-content\/uploads\/sites\/2\/2024\/05\/Porifini1-300x238.png 300w, https:\/\/socri.uniri.hr\/eng\/wp-content\/uploads\/sites\/2\/2024\/05\/Porifini1-768x610.png 768w, https:\/\/socri.uniri.hr\/eng\/wp-content\/uploads\/sites\/2\/2024\/05\/Porifini1.png 1186w\" sizes=\"(max-width: 1024px) 100vw, 1024px\" \/><\/figure><div class=\"wp-block-media-text__content\">\n<p><a href=\"https:\/\/socri.uniri.hr\/eng\/science-inspired-by-nature-image-5-and-image-6\/\" data-type=\"link\" data-id=\"https:\/\/socri.uniri.hr\/eng\/science-inspired-by-nature-image-5-and-image-6\/\">Description of Image 5 and Image 6<\/a><\/p>\n<\/div><\/div>\n\n\n\n<p><\/p>\n\n\n\n<div class=\"wp-block-media-text is-stacked-on-mobile\" style=\"grid-template-columns:28% auto\"><figure class=\"wp-block-media-text__media\"><img loading=\"lazy\" decoding=\"async\" width=\"1024\" height=\"798\" src=\"https:\/\/socri.uniri.hr\/eng\/wp-content\/uploads\/sites\/2\/2024\/05\/Porifini2-1024x798.png\" alt=\"\" class=\"wp-image-444 size-full\" srcset=\"https:\/\/socri.uniri.hr\/eng\/wp-content\/uploads\/sites\/2\/2024\/05\/Porifini2-1024x798.png 1024w, https:\/\/socri.uniri.hr\/eng\/wp-content\/uploads\/sites\/2\/2024\/05\/Porifini2-300x234.png 300w, https:\/\/socri.uniri.hr\/eng\/wp-content\/uploads\/sites\/2\/2024\/05\/Porifini2-768x598.png 768w, https:\/\/socri.uniri.hr\/eng\/wp-content\/uploads\/sites\/2\/2024\/05\/Porifini2.png 1172w\" sizes=\"(max-width: 1024px) 100vw, 1024px\" \/><\/figure><div class=\"wp-block-media-text__content\">\n<p><a href=\"https:\/\/socri.uniri.hr\/eng\/science-inspired-by-nature-image-5-and-image-6\/\" data-type=\"link\" data-id=\"https:\/\/socri.uniri.hr\/eng\/science-inspired-by-nature-image-5-and-image-6\/\"><\/a><a href=\"https:\/\/socri.uniri.hr\/eng\/science-inspired-by-nature-image-5-and-image-6\/\" data-type=\"link\" data-id=\"https:\/\/socri.uniri.hr\/eng\/science-inspired-by-nature-image-5-and-image-6\/\">Description of Image 5 and Image 6<\/a><\/p>\n<\/div><\/div>\n\n\n\n<p><\/p>\n\n\n\n<div class=\"wp-block-media-text is-stacked-on-mobile\" style=\"grid-template-columns:28% auto\"><figure class=\"wp-block-media-text__media\"><img loading=\"lazy\" decoding=\"async\" width=\"1024\" height=\"793\" src=\"https:\/\/socri.uniri.hr\/eng\/wp-content\/uploads\/sites\/2\/2024\/05\/Pravo-1024x793.png\" alt=\"\" class=\"wp-image-445 size-full\" srcset=\"https:\/\/socri.uniri.hr\/eng\/wp-content\/uploads\/sites\/2\/2024\/05\/Pravo-1024x793.png 1024w, https:\/\/socri.uniri.hr\/eng\/wp-content\/uploads\/sites\/2\/2024\/05\/Pravo-300x232.png 300w, https:\/\/socri.uniri.hr\/eng\/wp-content\/uploads\/sites\/2\/2024\/05\/Pravo-768x595.png 768w, https:\/\/socri.uniri.hr\/eng\/wp-content\/uploads\/sites\/2\/2024\/05\/Pravo.png 1175w\" sizes=\"(max-width: 1024px) 100vw, 1024px\" \/><\/figure><div class=\"wp-block-media-text__content\">\n<p><a href=\"https:\/\/socri.uniri.hr\/eng\/science-inspired-by-nature-image-7\/\" data-type=\"link\" data-id=\"https:\/\/socri.uniri.hr\/eng\/science-inspired-by-nature-image-7\/\">Description of Image 7<\/a><\/p>\n<\/div><\/div>\n\n\n\n<p><\/p>\n\n\n\n<div class=\"wp-block-media-text is-stacked-on-mobile\" style=\"grid-template-columns:28% auto\"><figure class=\"wp-block-media-text__media\"><img loading=\"lazy\" decoding=\"async\" width=\"1024\" height=\"796\" src=\"https:\/\/socri.uniri.hr\/eng\/wp-content\/uploads\/sites\/2\/2024\/05\/Ruzica-1024x796.png\" alt=\"\" class=\"wp-image-446 size-full\" srcset=\"https:\/\/socri.uniri.hr\/eng\/wp-content\/uploads\/sites\/2\/2024\/05\/Ruzica-1024x796.png 1024w, https:\/\/socri.uniri.hr\/eng\/wp-content\/uploads\/sites\/2\/2024\/05\/Ruzica-300x233.png 300w, https:\/\/socri.uniri.hr\/eng\/wp-content\/uploads\/sites\/2\/2024\/05\/Ruzica-768x597.png 768w, https:\/\/socri.uniri.hr\/eng\/wp-content\/uploads\/sites\/2\/2024\/05\/Ruzica.png 1175w\" sizes=\"(max-width: 1024px) 100vw, 1024px\" \/><\/figure><div class=\"wp-block-media-text__content\">\n<p><a href=\"https:\/\/socri.uniri.hr\/eng\/science-inspired-by-nature-image-8\/\" data-type=\"link\" data-id=\"https:\/\/socri.uniri.hr\/eng\/science-inspired-by-nature-image-8\/\">Description of Image 8<\/a><\/p>\n<\/div><\/div>\n\n\n\n<p><\/p>\n\n\n\n<div class=\"wp-block-media-text is-stacked-on-mobile\" style=\"grid-template-columns:28% auto\"><figure class=\"wp-block-media-text__media\"><img loading=\"lazy\" decoding=\"async\" width=\"1024\" height=\"793\" src=\"https:\/\/socri.uniri.hr\/eng\/wp-content\/uploads\/sites\/2\/2024\/05\/SOoptim-1024x793.png\" alt=\"\" class=\"wp-image-447 size-full\" srcset=\"https:\/\/socri.uniri.hr\/eng\/wp-content\/uploads\/sites\/2\/2024\/05\/SOoptim-1024x793.png 1024w, https:\/\/socri.uniri.hr\/eng\/wp-content\/uploads\/sites\/2\/2024\/05\/SOoptim-300x232.png 300w, https:\/\/socri.uniri.hr\/eng\/wp-content\/uploads\/sites\/2\/2024\/05\/SOoptim-768x595.png 768w, https:\/\/socri.uniri.hr\/eng\/wp-content\/uploads\/sites\/2\/2024\/05\/SOoptim.png 1175w\" sizes=\"(max-width: 1024px) 100vw, 1024px\" \/><\/figure><div class=\"wp-block-media-text__content\">\n<p><a href=\"https:\/\/socri.uniri.hr\/eng\/science-inspired-by-nature-image-9\/\" data-type=\"link\" data-id=\"https:\/\/socri.uniri.hr\/eng\/science-inspired-by-nature-image-9\/\">Description of Image 9<\/a><\/p>\n<\/div><\/div>\n\n\n\n<p><\/p>\n\n\n\n<div class=\"wp-block-media-text is-stacked-on-mobile\" style=\"grid-template-columns:28% auto\"><figure class=\"wp-block-media-text__media\"><img loading=\"lazy\" decoding=\"async\" width=\"1024\" height=\"793\" src=\"https:\/\/socri.uniri.hr\/eng\/wp-content\/uploads\/sites\/2\/2024\/05\/AI-1024x793.png\" alt=\"\" class=\"wp-image-456 size-full\" srcset=\"https:\/\/socri.uniri.hr\/eng\/wp-content\/uploads\/sites\/2\/2024\/05\/AI-1024x793.png 1024w, https:\/\/socri.uniri.hr\/eng\/wp-content\/uploads\/sites\/2\/2024\/05\/AI-300x232.png 300w, https:\/\/socri.uniri.hr\/eng\/wp-content\/uploads\/sites\/2\/2024\/05\/AI-768x595.png 768w, https:\/\/socri.uniri.hr\/eng\/wp-content\/uploads\/sites\/2\/2024\/05\/AI.png 1172w\" sizes=\"(max-width: 1024px) 100vw, 1024px\" \/><\/figure><div class=\"wp-block-media-text__content\">\n<p><a href=\"https:\/\/socri.uniri.hr\/eng\/science-inspired-by-nature-image-10\/\" data-type=\"link\" data-id=\"https:\/\/socri.uniri.hr\/eng\/science-inspired-by-nature-image-10\/\">Description of Image 10<\/a><\/p>\n<\/div><\/div>\n\n\n\n<p><\/p>\n\n\n\n<div class=\"wp-block-media-text is-stacked-on-mobile\" style=\"grid-template-columns:28% auto\"><figure class=\"wp-block-media-text__media\"><img loading=\"lazy\" decoding=\"async\" width=\"1024\" height=\"792\" src=\"http:\/\/socri.uniri.hr\/eng\/wp-content\/uploads\/sites\/2\/2024\/05\/BioUzorci-1024x792.png\" alt=\"\" class=\"wp-image-448 size-full\" srcset=\"https:\/\/socri.uniri.hr\/eng\/wp-content\/uploads\/sites\/2\/2024\/05\/BioUzorci-1024x792.png 1024w, https:\/\/socri.uniri.hr\/eng\/wp-content\/uploads\/sites\/2\/2024\/05\/BioUzorci-300x232.png 300w, https:\/\/socri.uniri.hr\/eng\/wp-content\/uploads\/sites\/2\/2024\/05\/BioUzorci-768x594.png 768w, https:\/\/socri.uniri.hr\/eng\/wp-content\/uploads\/sites\/2\/2024\/05\/BioUzorci.png 1177w\" sizes=\"(max-width: 1024px) 100vw, 1024px\" \/><\/figure><div class=\"wp-block-media-text__content\">\n<p><a href=\"https:\/\/socri.uniri.hr\/eng\/science-inspired-by-nature-image-11\/\" data-type=\"link\" data-id=\"https:\/\/socri.uniri.hr\/eng\/science-inspired-by-nature-image-11\/\">Description of Image 11<\/a><\/p>\n<\/div><\/div>\n\n\n\n<p><\/p>\n\n\n\n<div class=\"wp-block-media-text is-stacked-on-mobile\" style=\"grid-template-columns:28% auto\"><figure class=\"wp-block-media-text__media\"><img loading=\"lazy\" decoding=\"async\" width=\"1024\" height=\"794\" src=\"http:\/\/socri.uniri.hr\/eng\/wp-content\/uploads\/sites\/2\/2024\/05\/CircleOfLife-1024x794.png\" alt=\"\" class=\"wp-image-449 size-full\" srcset=\"https:\/\/socri.uniri.hr\/eng\/wp-content\/uploads\/sites\/2\/2024\/05\/CircleOfLife-1024x794.png 1024w, https:\/\/socri.uniri.hr\/eng\/wp-content\/uploads\/sites\/2\/2024\/05\/CircleOfLife-300x233.png 300w, https:\/\/socri.uniri.hr\/eng\/wp-content\/uploads\/sites\/2\/2024\/05\/CircleOfLife-768x596.png 768w, https:\/\/socri.uniri.hr\/eng\/wp-content\/uploads\/sites\/2\/2024\/05\/CircleOfLife.png 1177w\" sizes=\"(max-width: 1024px) 100vw, 1024px\" \/><\/figure><div class=\"wp-block-media-text__content\">\n<p><a href=\"https:\/\/socri.uniri.hr\/eng\/science-inspired-by-nature-image-12\/\" data-type=\"link\" data-id=\"https:\/\/socri.uniri.hr\/eng\/science-inspired-by-nature-image-12\/\">Description of Image 12<\/a><\/p>\n<\/div><\/div>\n\n\n\n<p><\/p>\n\n\n\n<div class=\"wp-block-media-text is-stacked-on-mobile\" style=\"grid-template-columns:28% auto\"><figure class=\"wp-block-media-text__media\"><img loading=\"lazy\" decoding=\"async\" width=\"1024\" height=\"793\" src=\"http:\/\/socri.uniri.hr\/eng\/wp-content\/uploads\/sites\/2\/2024\/05\/Dijatomeje-1024x793.png\" alt=\"\" class=\"wp-image-450 size-full\" srcset=\"https:\/\/socri.uniri.hr\/eng\/wp-content\/uploads\/sites\/2\/2024\/05\/Dijatomeje-1024x793.png 1024w, https:\/\/socri.uniri.hr\/eng\/wp-content\/uploads\/sites\/2\/2024\/05\/Dijatomeje-300x232.png 300w, https:\/\/socri.uniri.hr\/eng\/wp-content\/uploads\/sites\/2\/2024\/05\/Dijatomeje-768x594.png 768w, https:\/\/socri.uniri.hr\/eng\/wp-content\/uploads\/sites\/2\/2024\/05\/Dijatomeje.png 1177w\" sizes=\"(max-width: 1024px) 100vw, 1024px\" \/><\/figure><div class=\"wp-block-media-text__content\">\n<p><a href=\"https:\/\/socri.uniri.hr\/eng\/science-inspired-by-nature-image-13\/\" data-type=\"link\" data-id=\"https:\/\/socri.uniri.hr\/eng\/science-inspired-by-nature-image-13\/\">Description of Image 13<\/a><\/p>\n<\/div><\/div>\n\n\n\n<p><\/p>\n\n\n\n<div class=\"wp-block-media-text is-stacked-on-mobile\" style=\"grid-template-columns:28% auto\"><figure class=\"wp-block-media-text__media\"><img loading=\"lazy\" decoding=\"async\" width=\"1024\" height=\"793\" src=\"http:\/\/socri.uniri.hr\/eng\/wp-content\/uploads\/sites\/2\/2024\/05\/GenAlgoritam-1024x793.png\" alt=\"\" class=\"wp-image-451 size-full\" srcset=\"https:\/\/socri.uniri.hr\/eng\/wp-content\/uploads\/sites\/2\/2024\/05\/GenAlgoritam-1024x793.png 1024w, https:\/\/socri.uniri.hr\/eng\/wp-content\/uploads\/sites\/2\/2024\/05\/GenAlgoritam-300x232.png 300w, https:\/\/socri.uniri.hr\/eng\/wp-content\/uploads\/sites\/2\/2024\/05\/GenAlgoritam-768x594.png 768w, https:\/\/socri.uniri.hr\/eng\/wp-content\/uploads\/sites\/2\/2024\/05\/GenAlgoritam.png 1173w\" sizes=\"(max-width: 1024px) 100vw, 1024px\" \/><\/figure><div class=\"wp-block-media-text__content\">\n<p><a href=\"https:\/\/socri.uniri.hr\/eng\/science-inspired-by-nature-image-14\/\" data-type=\"link\" data-id=\"https:\/\/socri.uniri.hr\/eng\/science-inspired-by-nature-image-14\/\">Description of Image 14<\/a><\/p>\n<\/div><\/div>\n\n\n\n<p><\/p>\n\n\n\n<div class=\"wp-block-media-text is-stacked-on-mobile\" style=\"grid-template-columns:28% auto\"><figure class=\"wp-block-media-text__media\"><img loading=\"lazy\" decoding=\"async\" width=\"1024\" height=\"792\" src=\"http:\/\/socri.uniri.hr\/eng\/wp-content\/uploads\/sites\/2\/2024\/05\/Grafovi-1024x792.png\" alt=\"\" class=\"wp-image-452 size-full\" srcset=\"https:\/\/socri.uniri.hr\/eng\/wp-content\/uploads\/sites\/2\/2024\/05\/Grafovi-1024x792.png 1024w, https:\/\/socri.uniri.hr\/eng\/wp-content\/uploads\/sites\/2\/2024\/05\/Grafovi-300x232.png 300w, https:\/\/socri.uniri.hr\/eng\/wp-content\/uploads\/sites\/2\/2024\/05\/Grafovi-768x594.png 768w, https:\/\/socri.uniri.hr\/eng\/wp-content\/uploads\/sites\/2\/2024\/05\/Grafovi.png 1172w\" sizes=\"(max-width: 1024px) 100vw, 1024px\" \/><\/figure><div class=\"wp-block-media-text__content\">\n<p><a href=\"https:\/\/socri.uniri.hr\/eng\/science-inspired-by-nature-image-15\/\" data-type=\"link\" data-id=\"https:\/\/socri.uniri.hr\/eng\/science-inspired-by-nature-image-15\/\">Description of Image 15<\/a><\/p>\n<\/div><\/div>\n\n\n\n<p><\/p>\n\n\n\n<div class=\"wp-block-media-text is-stacked-on-mobile\" style=\"grid-template-columns:28% auto\"><figure class=\"wp-block-media-text__media\"><img loading=\"lazy\" decoding=\"async\" width=\"1024\" height=\"815\" src=\"http:\/\/socri.uniri.hr\/eng\/wp-content\/uploads\/sites\/2\/2024\/05\/Hedac-1024x815.png\" alt=\"\" class=\"wp-image-453 size-full\" srcset=\"https:\/\/socri.uniri.hr\/eng\/wp-content\/uploads\/sites\/2\/2024\/05\/Hedac-1024x815.png 1024w, https:\/\/socri.uniri.hr\/eng\/wp-content\/uploads\/sites\/2\/2024\/05\/Hedac-300x239.png 300w, https:\/\/socri.uniri.hr\/eng\/wp-content\/uploads\/sites\/2\/2024\/05\/Hedac-768x611.png 768w, https:\/\/socri.uniri.hr\/eng\/wp-content\/uploads\/sites\/2\/2024\/05\/Hedac.png 1200w\" sizes=\"(max-width: 1024px) 100vw, 1024px\" \/><\/figure><div class=\"wp-block-media-text__content\">\n<p><a href=\"https:\/\/socri.uniri.hr\/eng\/science-inspired-by-nature-image-16\/\" data-type=\"link\" data-id=\"https:\/\/socri.uniri.hr\/eng\/science-inspired-by-nature-image-16\/\">Description of Image 16<\/a><\/p>\n<\/div><\/div>\n\n\n\n<p><\/p>\n\n\n\n<div class=\"wp-block-media-text is-stacked-on-mobile\" style=\"grid-template-columns:28% auto\"><figure class=\"wp-block-media-text__media\"><img loading=\"lazy\" decoding=\"async\" width=\"1024\" height=\"793\" src=\"http:\/\/socri.uniri.hr\/eng\/wp-content\/uploads\/sites\/2\/2024\/05\/Musice-1024x793.png\" alt=\"\" class=\"wp-image-454 size-full\" srcset=\"https:\/\/socri.uniri.hr\/eng\/wp-content\/uploads\/sites\/2\/2024\/05\/Musice-1024x793.png 1024w, https:\/\/socri.uniri.hr\/eng\/wp-content\/uploads\/sites\/2\/2024\/05\/Musice-300x232.png 300w, https:\/\/socri.uniri.hr\/eng\/wp-content\/uploads\/sites\/2\/2024\/05\/Musice-768x595.png 768w, https:\/\/socri.uniri.hr\/eng\/wp-content\/uploads\/sites\/2\/2024\/05\/Musice.png 1176w\" sizes=\"(max-width: 1024px) 100vw, 1024px\" \/><\/figure><div class=\"wp-block-media-text__content\">\n<p><a href=\"https:\/\/socri.uniri.hr\/eng\/science-inspired-by-nature-image-17\/\" data-type=\"link\" data-id=\"https:\/\/socri.uniri.hr\/eng\/science-inspired-by-nature-image-17\/\">Description of Image 17<\/a><\/p>\n<\/div><\/div>\n\n\n\n<p><\/p>\n\n\n\n<div class=\"wp-block-media-text is-stacked-on-mobile\" style=\"grid-template-columns:28% auto\"><figure class=\"wp-block-media-text__media\"><img loading=\"lazy\" decoding=\"async\" width=\"1024\" height=\"790\" src=\"http:\/\/socri.uniri.hr\/eng\/wp-content\/uploads\/sites\/2\/2024\/05\/Lorenz-1024x790.png\" alt=\"\" class=\"wp-image-455 size-full\" srcset=\"https:\/\/socri.uniri.hr\/eng\/wp-content\/uploads\/sites\/2\/2024\/05\/Lorenz-1024x790.png 1024w, https:\/\/socri.uniri.hr\/eng\/wp-content\/uploads\/sites\/2\/2024\/05\/Lorenz-300x231.png 300w, https:\/\/socri.uniri.hr\/eng\/wp-content\/uploads\/sites\/2\/2024\/05\/Lorenz-768x592.png 768w, https:\/\/socri.uniri.hr\/eng\/wp-content\/uploads\/sites\/2\/2024\/05\/Lorenz.png 1177w\" sizes=\"(max-width: 1024px) 100vw, 1024px\" \/><\/figure><div class=\"wp-block-media-text__content\">\n<p><a href=\"https:\/\/socri.uniri.hr\/eng\/science-inspired-by-nature-image-18\/\" data-type=\"link\" data-id=\"https:\/\/socri.uniri.hr\/eng\/science-inspired-by-nature-image-18\/\">Description of Image 18<\/a><\/p>\n<\/div><\/div>\n\n\n\n<p><\/p>\n\n\n\n<p><\/p>\n\n\n\n<p>Preparations for poster printing can be found <a href=\"https:\/\/socri.uniri.hr\/znanost-inspirirana-prirodom\/\" data-type=\"link\" data-id=\"https:\/\/socri.uniri.hr\/znanost-inspirirana-prirodom\/\">here<\/a>.<\/p>\n\n\n\n<p>Additional exhibits from the exhibition Bioinspired science @ Gorski Kotar can be seen <a href=\"https:\/\/socri.uniri.hr\/eng\/bioinspired-science-gorski-kotar\/\" data-type=\"link\" data-id=\"https:\/\/socri.uniri.hr\/eng\/bioinspired-science-gorski-kotar\/\">here<\/a>.<\/p>\n\n\n\n<p xmlns:cc=\"http:\/\/creativecommons.org\/ns#\" > The content of this page is under licence <a href=\"https:\/\/creativecommons.org\/licenses\/by-nc-nd\/4.0\/?ref=chooser-v1\" target=\"_blank\" rel=\"license noopener noreferrer\" style=\"display:inline-block;\">CC BY-NC-ND 4.0<img decoding=\"async\" style=\"height:22px!important;margin-left:3px;vertical-align:text-bottom;\" src=\"https:\/\/mirrors.creativecommons.org\/presskit\/icons\/cc.svg?ref=chooser-v1\" alt=\"\"><img decoding=\"async\" style=\"height:22px!important;margin-left:3px;vertical-align:text-bottom;\" src=\"https:\/\/mirrors.creativecommons.org\/presskit\/icons\/by.svg?ref=chooser-v1\" alt=\"\"><img decoding=\"async\" style=\"height:22px!important;margin-left:3px;vertical-align:text-bottom;\" src=\"https:\/\/mirrors.creativecommons.org\/presskit\/icons\/nc.svg?ref=chooser-v1\" alt=\"\"><img decoding=\"async\" style=\"height:22px!important;margin-left:3px;vertical-align:text-bottom;\" src=\"https:\/\/mirrors.creativecommons.org\/presskit\/icons\/nd.svg?ref=chooser-v1\" alt=\"\"><\/a><\/p>\n\n\n\n<p><\/p>\n","protected":false},"excerpt":{"rendered":"<p>Science Outreach Centre conceived and organized a popular science exhibition called Bioinspired science. People have always been inspired by nature, recognizing that it offers solutions to many challenges and complex situations. Being a part of nature ourselves, we realized that it is a source of creativity and innovation, and its study and imitation enabled us &hellip;<\/p>\n<p class=\"read-more\"> <a class=\"\" href=\"https:\/\/socri.uniri.hr\/eng\/popular-science-exhibition-science-inspired-by-nature\/\"> <span class=\"screen-reader-text\">Popular science exhibition Bioinspired science<\/span> Read More &raquo;<\/a><\/p>\n","protected":false},"author":2,"featured_media":0,"parent":0,"menu_order":0,"comment_status":"closed","ping_status":"closed","template":"","meta":{"site-sidebar-layout":"default","site-content-layout":"default","ast-global-header-display":"","ast-banner-title-visibility":"","ast-main-header-display":"","ast-hfb-above-header-display":"","ast-hfb-below-header-display":"","ast-hfb-mobile-header-display":"","site-post-title":"","ast-breadcrumbs-content":"","ast-featured-img":"","footer-sml-layout":"","theme-transparent-header-meta":"","adv-header-id-meta":"","stick-header-meta":"","header-above-stick-meta":"","header-main-stick-meta":"","header-below-stick-meta":"","footnotes":""},"_links":{"self":[{"href":"https:\/\/socri.uniri.hr\/eng\/wp-json\/wp\/v2\/pages\/434"}],"collection":[{"href":"https:\/\/socri.uniri.hr\/eng\/wp-json\/wp\/v2\/pages"}],"about":[{"href":"https:\/\/socri.uniri.hr\/eng\/wp-json\/wp\/v2\/types\/page"}],"author":[{"embeddable":true,"href":"https:\/\/socri.uniri.hr\/eng\/wp-json\/wp\/v2\/users\/2"}],"replies":[{"embeddable":true,"href":"https:\/\/socri.uniri.hr\/eng\/wp-json\/wp\/v2\/comments?post=434"}],"version-history":[{"count":22,"href":"https:\/\/socri.uniri.hr\/eng\/wp-json\/wp\/v2\/pages\/434\/revisions"}],"predecessor-version":[{"id":615,"href":"https:\/\/socri.uniri.hr\/eng\/wp-json\/wp\/v2\/pages\/434\/revisions\/615"}],"wp:attachment":[{"href":"https:\/\/socri.uniri.hr\/eng\/wp-json\/wp\/v2\/media?parent=434"}],"curies":[{"name":"wp","href":"https:\/\/api.w.org\/{rel}","templated":true}]}}