{"id":566,"date":"2024-09-16T09:52:31","date_gmt":"2024-09-16T07:52:31","guid":{"rendered":"https:\/\/socri.uniri.hr\/eng\/?page_id=566"},"modified":"2025-06-09T13:56:21","modified_gmt":"2025-06-09T11:56:21","slug":"exhibitions","status":"publish","type":"page","link":"https:\/\/socri.uniri.hr\/eng\/exhibitions\/","title":{"rendered":"Exhibitions"},"content":{"rendered":"\n<div class=\"wp-block-pb-accordion-item c-accordion__item js-accordion-item no-js\" data-initially-open=\"false\" data-click-to-close=\"true\" data-auto-close=\"true\" data-scroll=\"false\" data-scroll-offset=\"0\"><h2 id=\"at-5660\" class=\"c-accordion__title js-accordion-controller\" role=\"button\"><strong><em>EXHIBITION [ai] EXPLORE!<\/em><\/strong><\/h2><div id=\"ac-5660\" class=\"c-accordion__content\">\n<p><a href=\"https:\/\/socri.uniri.hr\/eng\/ai-explore\/\">https:\/\/socri.uniri.hr\/eng\/ai-explore\/<\/a><\/p>\n\n\n\n<p>The popular science exhibition [ai] explore presents visualizations of engineering problems from the field of civil engineering, as well as some computationally challenging scientific research examples. The visualization was created using the mathematical algorithm HEDAC, and the exhibits show the process by which the algorithm learns, learns about objects, and explores their shape. The algorithm successfully explores and reproduces real works of art.<\/p>\n\n\n\n<p>You can experience the popular science exhibition [ai] explore in several ways:&nbsp;<a href=\"https:\/\/orbix360.com\/t\/gcycda2YgHTsuE1bfJMsfdj9PJF3\/6605257066938368\">Walk through<\/a>&nbsp;the exhibition and enjoy beautiful paintings, walk through the exhibition and try to figure out what engineering problems they show, walk through the exhibition and try to figure out how the mathematical algorithm that painted the pictures works,\u2026 the QR code hides the answers to all your questions and an expert explanation of the exhibits.<\/p>\n\n\n\n<p>The exhibits were created in an interdisciplinary collaboration between staff from the Faculty of Mathematics and the Faculty of Civil Engineering at the University of Rijeka, and we hope that you will enjoy the exhibition at least as much as we enjoyed creating it.<\/p>\n\n\n\n<p><strong>Authors of the exhibition<\/strong>: Bojan Crnkovi\u0107, Vedrana Mikuli\u0107 Crnkovi\u0107, Ivona Traunkar (Faculty of Mathematics), Nina \u010ceh, Edita Papa Duki\u0107 (Faculty of Civil Engineering)<\/p>\n<\/div><\/div>\n\n\n\n<div class=\"wp-block-pb-accordion-item c-accordion__item js-accordion-item no-js\" data-initially-open=\"false\" data-click-to-close=\"true\" data-auto-close=\"true\" data-scroll=\"false\" data-scroll-offset=\"0\"><h2 id=\"at-5661\" class=\"c-accordion__title js-accordion-controller\" role=\"button\"><strong><em>EXHIBITION BIOINSPIRED SCIENCE<\/em><\/strong><\/h2><div id=\"ac-5661\" class=\"c-accordion__content\">\n<p><a href=\"https:\/\/socri.uniri.hr\/eng\/popular-science-exhibition-science-inspired-by-nature\/\">https:\/\/socri.uniri.hr\/eng\/popular-science-exhibition-science-inspired-by-nature\/<\/a><\/p>\n\n\n\n<p>Science Outreach Centre conceived and organized a popular science exhibition called Bioinspired science.<\/p>\n\n\n\n<p>People have always been inspired by nature, recognizing that it offers solutions to many challenges and complex situations. Being a part of nature ourselves, we realized that it is a source of creativity and innovation, and its study and imitation enabled us to develop many revolutionary technologies and designs that have improved our life and work.<\/p>\n\n\n\n<p>Bio-inspired science is an area where scientists get inspiration from nature to solve complex human problems and to obtain improvements and innovations in technology.<\/p>\n\n\n\n<p>As part of the exhibition, we present examples of bioinspiration in various scientific fields that University of Rijeka scientists deal with. We believe that we have encouraged you to appreciate nature, the preservation of which is not only a prerequisite for our life but also the key to the prosperity of life on Earth, including us humans. Therefore, we should perceive nature less as a material resource that we exploit, and more as an inspiration to solve the enormous challenges of today and create a sustainable future.<\/p>\n\n\n\n<p><em>Albert Einstein said: \u201cLook deep into nature and you will do anything.\u201d understand better\u201d.<\/em><\/p>\n\n\n\n<p>The popular science exhibition was prepared with the help of artificial intelligence tools and is the result of the Center\u2019s cooperation with the Natural History Museum of Rijeka and several components University of Rijeka: Faculty of Biotechnology and Drug Development, Faculty of Physics, Faculty of Mathematics and the Faculty of Law, and it is signed by a group of scientists: Jelena Ban, Bojan Crnkovi\u0107, Ana Filo\u0161evi\u0107 Vujnovi\u0107, Ivana Jelovica Badovinac, Ivana Kunda, Nela Malatesti, Marina Manganaro, Vedrana Mikuli\u0107 Crnkovi\u0107, \u017deljka Modri\u0107 Surina, Bo\u0161tjan Surina, Ivona Traunkar.<\/p>\n\n\n\n<figure class=\"wp-block-image size-large is-resized\"><img loading=\"lazy\" decoding=\"async\" width=\"1024\" height=\"144\" src=\"http:\/\/socri.uniri.hr\/eng\/wp-content\/uploads\/sites\/2\/2024\/05\/logici-1024x144.png\" alt=\"\" class=\"wp-image-435\" style=\"width:555px;height:auto\" srcset=\"https:\/\/socri.uniri.hr\/eng\/wp-content\/uploads\/sites\/2\/2024\/05\/logici-1024x144.png 1024w, https:\/\/socri.uniri.hr\/eng\/wp-content\/uploads\/sites\/2\/2024\/05\/logici-300x42.png 300w, https:\/\/socri.uniri.hr\/eng\/wp-content\/uploads\/sites\/2\/2024\/05\/logici-768x108.png 768w, https:\/\/socri.uniri.hr\/eng\/wp-content\/uploads\/sites\/2\/2024\/05\/logici-1536x216.png 1536w, https:\/\/socri.uniri.hr\/eng\/wp-content\/uploads\/sites\/2\/2024\/05\/logici.png 1845w\" sizes=\"(max-width: 1024px) 100vw, 1024px\" \/><\/figure>\n<\/div><\/div>\n\n\n\n<div class=\"wp-block-pb-accordion-item c-accordion__item js-accordion-item no-js\" data-initially-open=\"false\" data-click-to-close=\"true\" data-auto-close=\"true\" data-scroll=\"false\" data-scroll-offset=\"0\"><h2 id=\"at-5662\" class=\"c-accordion__title js-accordion-controller\" role=\"button\"><strong><em>EXHIBITION Industrial Heritage through Art&amp;Science Lenses<\/em><\/strong><\/h2><div id=\"ac-5662\" class=\"c-accordion__content\">\n<p>The exhibition Industrial Heritage through Art&amp;Science Lenses presents the results of two years of work on the FASIH &#8211; Future Art and Science Industrial Heritage project.<\/p>\n\n\n\n<figure class=\"wp-block-embed is-type-wp-embed is-provider-university-of-rijeka-science-outreach-centre wp-block-embed-university-of-rijeka-science-outreach-centre\"><div class=\"wp-block-embed__wrapper\">\n<blockquote class=\"wp-embedded-content\" data-secret=\"ZjZTR5V22f\"><a href=\"https:\/\/socri.uniri.hr\/eng\/fasih-exhibition\/\">FASIH EXHIBITION<\/a><\/blockquote><iframe class=\"wp-embedded-content\" sandbox=\"allow-scripts\" security=\"restricted\" style=\"position: absolute; clip: rect(1px, 1px, 1px, 1px);\" title=\"&#8220;FASIH EXHIBITION&#8221; &#8212; University of Rijeka, Science Outreach Centre\" src=\"https:\/\/socri.uniri.hr\/eng\/fasih-exhibition\/embed\/#?secret=t5T5hBNtdR#?secret=ZjZTR5V22f\" data-secret=\"ZjZTR5V22f\" width=\"500\" height=\"282\" frameborder=\"0\" marginwidth=\"0\" marginheight=\"0\" scrolling=\"no\"><\/iframe>\n<\/div><\/figure>\n\n\n\n<p>FASIH connects contemporary models of industrial heritage revaluation using digital technologies and provides new approaches to promoting the value of cultural, scientific and industrial heritage attractive to new generations. The project focuses on interdisciplinary artistic and scientific research of industrial and cultural heritage and the discovery, research and evaluation of those architectural achievements and intangible processes that have marked the modern history of Belgrade, Rijeka and Trbovlje.<\/p>\n\n\n\n<p>Artists from Serbia, Croatia and Slovenia have created works that, through digital interpretations, sound installations, 3D mapping and interactive projections, offer new ways of viewing and understanding industrial objects. The works are not only artistic expression, but also reflection on the history, identity and future of these areas through a unique synthesis of science, art and technology.<\/p>\n\n\n\n<p>This exhibition brings the history and different visions of the industrial heritage of Belgrade, Rijeka and Trbovlje through a scientific and artistic kaleidoscope.<\/p>\n\n\n\n<p>The exhibition was prepared and organized by Bojan Crnkovi\u0107 and Vedrana Mikuli\u0107 Crnkovi\u0107 (Science Outreach Centre).<\/p>\n<\/div><\/div>\n","protected":false},"excerpt":{"rendered":"","protected":false},"author":2,"featured_media":0,"parent":0,"menu_order":0,"comment_status":"closed","ping_status":"closed","template":"","meta":{"site-sidebar-layout":"default","site-content-layout":"default","ast-global-header-display":"","ast-banner-title-visibility":"","ast-main-header-display":"","ast-hfb-above-header-display":"","ast-hfb-below-header-display":"","ast-hfb-mobile-header-display":"","site-post-title":"","ast-breadcrumbs-content":"","ast-featured-img":"","footer-sml-layout":"","theme-transparent-header-meta":"","adv-header-id-meta":"","stick-header-meta":"","header-above-stick-meta":"","header-main-stick-meta":"","header-below-stick-meta":"","footnotes":""},"_links":{"self":[{"href":"https:\/\/socri.uniri.hr\/eng\/wp-json\/wp\/v2\/pages\/566"}],"collection":[{"href":"https:\/\/socri.uniri.hr\/eng\/wp-json\/wp\/v2\/pages"}],"about":[{"href":"https:\/\/socri.uniri.hr\/eng\/wp-json\/wp\/v2\/types\/page"}],"author":[{"embeddable":true,"href":"https:\/\/socri.uniri.hr\/eng\/wp-json\/wp\/v2\/users\/2"}],"replies":[{"embeddable":true,"href":"https:\/\/socri.uniri.hr\/eng\/wp-json\/wp\/v2\/comments?post=566"}],"version-history":[{"count":4,"href":"https:\/\/socri.uniri.hr\/eng\/wp-json\/wp\/v2\/pages\/566\/revisions"}],"predecessor-version":[{"id":653,"href":"https:\/\/socri.uniri.hr\/eng\/wp-json\/wp\/v2\/pages\/566\/revisions\/653"}],"wp:attachment":[{"href":"https:\/\/socri.uniri.hr\/eng\/wp-json\/wp\/v2\/media?parent=566"}],"curies":[{"name":"wp","href":"https:\/\/api.w.org\/{rel}","templated":true}]}}