{"id":576,"date":"2024-09-16T12:39:45","date_gmt":"2024-09-16T10:39:45","guid":{"rendered":"https:\/\/socri.uniri.hr\/eng\/?page_id=576"},"modified":"2024-09-16T13:49:05","modified_gmt":"2024-09-16T11:49:05","slug":"cooperations","status":"publish","type":"page","link":"https:\/\/socri.uniri.hr\/eng\/cooperations\/","title":{"rendered":"Cooperations"},"content":{"rendered":"\n<div class=\"wp-block-pb-accordion-item c-accordion__item js-accordion-item no-js\" data-initially-open=\"false\" data-click-to-close=\"true\" data-auto-close=\"true\" data-scroll=\"false\" data-scroll-offset=\"0\"><h2 id=\"at-5760\" class=\"c-accordion__title js-accordion-controller\" role=\"button\"><strong><em>CELEBRATING THE INTERNATIONAL DAY OF LIGHT<\/em><\/strong><\/h2><div id=\"ac-5760\" class=\"c-accordion__content\">\n<p>Od 16. \u2013 18. svibnja 2024. godine Astronomski centar Rijeka organizira Odu svjetlosti &#8211; manifestaciju povodom&nbsp;me\u0111unarodnog&nbsp;dana&nbsp;svjetlosti. U organizaciju se uklju\u010dio Centar za popularizaciju i promociju znanosti Sveu\u010dili\u0161ta u Rijeci. <\/p>\n\n\n\n<p>From May 16 to 18, 2024, the Rijeka Astronomical Center organized Ode to Light &#8211; an event on the occasion of the International Day of Light. The Science Outreach Centre of the University of Rijeka joined the organization.<\/p>\n\n\n\n<div data-wp-interactive=\"\" class=\"wp-block-file\"><object data-wp-bind--hidden=\"!selectors.core.file.hasPdfPreview\" hidden class=\"wp-block-file__embed\" data=\"https:\/\/socri.uniri.hr\/wp-content\/uploads\/2024\/05\/ODA-SVJETLOSTI-program-1.pdf\" type=\"application\/pdf\" style=\"width:100%;height:600px\" aria-label=\"Embed of ODA-SVJETLOSTI-program-1.\"><\/object><a id=\"wp-block-file--media-3fe3fa52-a536-47ec-bc6e-8457c42f6094\" href=\"https:\/\/socri.uniri.hr\/wp-content\/uploads\/2024\/05\/ODA-SVJETLOSTI-program-1.pdf\">ODA-SVJETLOSTI-program-1<\/a><a href=\"https:\/\/socri.uniri.hr\/wp-content\/uploads\/2024\/05\/ODA-SVJETLOSTI-program-1.pdf\" class=\"wp-block-file__button wp-element-button\" download aria-describedby=\"wp-block-file--media-3fe3fa52-a536-47ec-bc6e-8457c42f6094\">Preuzmi<\/a><\/div>\n<\/div><\/div>\n\n\n\n<div class=\"wp-block-pb-accordion-item c-accordion__item js-accordion-item no-js\" data-initially-open=\"false\" data-click-to-close=\"true\" data-auto-close=\"true\" data-scroll=\"false\" data-scroll-offset=\"0\"><h2 id=\"at-5761\" class=\"c-accordion__title js-accordion-controller\" role=\"button\"><strong><em>TOBOGAN 2024<\/em><\/strong><\/h2><div id=\"ac-5761\" class=\"c-accordion__content\">\n<p>SOCRI participates in the opening of the festival Tobogan (Dje\u010dja ku\u0107a, 26.6.2024, 17-20). <\/p>\n\n\n\n<p>The Faculty of Mathematics, the Faculty of Physics and the Faculty of Biotechnology and Drug Development are participating from among the University&#8217;s components, and the entire program of events is available at the link: <a href=\"https:\/\/djecjakuca.hr\/tobogan-2024-nova-ljetna-avantura-najveceg-rijeckog-djecjeg-slavlja-rukotvorne-zelene-i-suvremene-kreativnosti\/\" target=\"_blank\" rel=\"noreferrer noopener\">https:\/\/djecjakuca.hr\/tobogan-2024-nova-ljetna-avantura-najveceg-rijeckog-djecjeg-slavlja-rukotvorne-zelene-i-suvremene-kreativnosti\/<\/a><\/p>\n<\/div><\/div>\n\n\n\n<div class=\"wp-block-pb-accordion-item c-accordion__item js-accordion-item no-js\" data-initially-open=\"false\" data-click-to-close=\"true\" data-auto-close=\"true\" data-scroll=\"false\" data-scroll-offset=\"0\"><h2 id=\"at-5762\" class=\"c-accordion__title js-accordion-controller\" role=\"button\"><strong><em>EUROPE DAY 2024<\/em><\/strong><\/h2><div id=\"ac-5762\" class=\"c-accordion__content\">\n<p>Science Outreach Centre joined the celebration of Europe Day with the lecture<em> Risks of artificial intelligence and how EU law protects us<\/em>, which was held on Monday, May 13 at 6:00 pm in the Rijeka City Library (Ben\u010di\u0107).<\/p>\n\n\n\n<p>The whole program and more information about YUFE Academy can be found on:&nbsp;<a href=\"https:\/\/uniri.hr\/vijesti\/yufe-akademija-za-one-zeljne-znanja\/\">https:\/\/uniri.hr\/vijesti\/yufe-akademija-za-one-zeljne-znanja\/<\/a>.<br>In addition, the Faculty of Law in Rijeka prepared a short quiz. Try yourself and check how much you know about European Union law! The quiz is available at the link:&nbsp;<a href=\"https:\/\/pravri.uniri.hr\/hr\/studenti\/1993-kviz-2.html\">https:\/\/pravri.uniri.hr\/hr\/studenti\/1993-kviz-2.html<\/a><\/p>\n<\/div><\/div>\n\n\n\n<div class=\"wp-block-pb-accordion-item c-accordion__item js-accordion-item no-js\" data-initially-open=\"false\" data-click-to-close=\"true\" data-auto-close=\"true\" data-scroll=\"false\" data-scroll-offset=\"0\"><h2 id=\"at-5763\" class=\"c-accordion__title js-accordion-controller\" role=\"button\"><strong><em>PINTA ZNANOSTI<\/em><\/strong> <em><strong>(PINT OF SCIENCE)<\/strong><\/em><\/h2><div id=\"ac-5763\" class=\"c-accordion__content\">\n<p>Pint of Science je me\u0111unarodni znanstveni festival koji se odvija jednom godi\u0161nje tijekom tri ve\u010deri u svibnju i dovodi istra\u017eiva\u010de u va\u0161 lokalni bar gdje govore o aktualnim doga\u0111anjima u svijetu znanosti. To je savr\u0161ena prilika za upoznavanje \u017eena i mu\u0161karaca koji oblikuju znanost sutra\u0161njice.<\/p>\n\n\n\n<p>SOCRI member Marina Manganaro is responsible for bringing this science festival to Rijeka and we are proud to be able to join her. Find more information at <a href=\"https:\/\/socri.uniri.hr\/blog\/2024\/05\/12\/pinta-znanosti\/\">https:\/\/socri.uniri.hr\/blog\/2024\/05\/12\/pinta-znanosti\/<\/a><\/p>\n<\/div><\/div>\n\n\n\n<div class=\"wp-block-pb-accordion-item c-accordion__item js-accordion-item no-js\" data-initially-open=\"false\" data-click-to-close=\"true\" data-auto-close=\"true\" data-scroll=\"false\" data-scroll-offset=\"0\"><h2 id=\"at-5764\" class=\"c-accordion__title js-accordion-controller\" role=\"button\"><strong><em>STEM PICNIC<\/em><\/strong><\/h2><div id=\"ac-5764\" class=\"c-accordion__content\">\n<p>SOCRI is co-organizer of STEM picnic in Rijeka. You can find more informations about Stem picnic on the page <a href=\"https:\/\/socri.uniri.hr\/eng\/manifestations\/\" data-type=\"link\" data-id=\"https:\/\/socri.uniri.hr\/eng\/manifestations\/\">Manifestations<\/a>, and the full program of Stem picnic 2024 is available <a href=\"https:\/\/ctk-rijeka.hr\/projekti\/stem-piknik\/raspored-za-stem-piknik-2-0-je-vani\/\" data-type=\"link\" data-id=\"https:\/\/ctk-rijeka.hr\/projekti\/stem-piknik\/raspored-za-stem-piknik-2-0-je-vani\/\">here.<\/a><\/p>\n<\/div><\/div>\n","protected":false},"excerpt":{"rendered":"","protected":false},"author":2,"featured_media":0,"parent":0,"menu_order":0,"comment_status":"closed","ping_status":"closed","template":"","meta":{"site-sidebar-layout":"default","site-content-layout":"default","ast-global-header-display":"","ast-banner-title-visibility":"","ast-main-header-display":"","ast-hfb-above-header-display":"","ast-hfb-below-header-display":"","ast-hfb-mobile-header-display":"","site-post-title":"","ast-breadcrumbs-content":"","ast-featured-img":"","footer-sml-layout":"","theme-transparent-header-meta":"","adv-header-id-meta":"","stick-header-meta":"","header-above-stick-meta":"","header-main-stick-meta":"","header-below-stick-meta":"","footnotes":""},"_links":{"self":[{"href":"https:\/\/socri.uniri.hr\/eng\/wp-json\/wp\/v2\/pages\/576"}],"collection":[{"href":"https:\/\/socri.uniri.hr\/eng\/wp-json\/wp\/v2\/pages"}],"about":[{"href":"https:\/\/socri.uniri.hr\/eng\/wp-json\/wp\/v2\/types\/page"}],"author":[{"embeddable":true,"href":"https:\/\/socri.uniri.hr\/eng\/wp-json\/wp\/v2\/users\/2"}],"replies":[{"embeddable":true,"href":"https:\/\/socri.uniri.hr\/eng\/wp-json\/wp\/v2\/comments?post=576"}],"version-history":[{"count":7,"href":"https:\/\/socri.uniri.hr\/eng\/wp-json\/wp\/v2\/pages\/576\/revisions"}],"predecessor-version":[{"id":588,"href":"https:\/\/socri.uniri.hr\/eng\/wp-json\/wp\/v2\/pages\/576\/revisions\/588"}],"wp:attachment":[{"href":"https:\/\/socri.uniri.hr\/eng\/wp-json\/wp\/v2\/media?parent=576"}],"curies":[{"name":"wp","href":"https:\/\/api.w.org\/{rel}","templated":true}]}}