{"id":617,"date":"2025-06-09T08:08:40","date_gmt":"2025-06-09T06:08:40","guid":{"rendered":"https:\/\/socri.uniri.hr\/eng\/?page_id=617"},"modified":"2025-06-09T13:54:53","modified_gmt":"2025-06-09T11:54:53","slug":"fasih-exhibition","status":"publish","type":"page","link":"https:\/\/socri.uniri.hr\/eng\/fasih-exhibition\/","title":{"rendered":"FASIH EXHIBITION"},"content":{"rendered":"\n<p>The exhibition Industrial Heritage through Art&amp;Science Lenses presents the results of two years of work on the FASIH &#8211; Future Art and Science Industrial Heritage project.<\/p>\n\n\n\n<p>FASIH connects contemporary models of industrial heritage revaluation using digital technologies and provides new approaches to promoting the value of cultural, scientific and industrial heritage attractive to new generations. The project focuses on interdisciplinary artistic and scientific research of industrial and cultural heritage and the discovery, research and evaluation of those architectural achievements and intangible processes that have marked the modern history of Belgrade, Rijeka and Trbovlje.<\/p>\n\n\n\n<p>Artists from Serbia, Croatia and Slovenia have created works that, through digital interpretations, sound installations, 3D mapping and interactive projections, offer new ways of viewing and understanding industrial objects. The works are not only artistic expression, but also reflection on the history, identity and future of these areas through a unique synthesis of science, art and technology.<\/p>\n\n\n\n<p>This exhibition brings the history and different visions of the industrial heritage of Belgrade, Rijeka and Trbovlje through a scientific and artistic kaleidoscope.<\/p>\n\n\n\n<p>The exhibition was prepared and organized by Bojan Crnkovi\u0107 and Vedrana Mikuli\u0107 Crnkovi\u0107 (Science Outreach Centre).<\/p>\n\n\n\n<div class=\"wp-block-media-text alignwide is-stacked-on-mobile is-vertically-aligned-center\" style=\"grid-template-columns:26% auto\"><figure class=\"wp-block-media-text__media\"><a href=\"https:\/\/socri.uniri.hr\/eng\/hartera-rijeka\/\"><img decoding=\"async\" src=\"https:\/\/socri.uniri.hr\/wp-content\/uploads\/2025\/06\/FasihPlakatH1-1024x793.png\" alt=\"\" class=\"wp-image-2536 size-full\"\/><\/a><\/figure><div class=\"wp-block-media-text__content\">\n<p><a href=\"https:\/\/socri.uniri.hr\/eng\/hartera-rijeka\/\" data-type=\"link\" data-id=\"https:\/\/socri.uniri.hr\/eng\/hartera-rijeka\/\">Description of Image 1<\/a><\/p>\n<\/div><\/div>\n\n\n\n<p><\/p>\n\n\n\n<div class=\"wp-block-media-text alignwide is-stacked-on-mobile is-vertically-aligned-center\" style=\"grid-template-columns:26% auto\"><figure class=\"wp-block-media-text__media\"><a href=\"https:\/\/socri.uniri.hr\/eng\/hartera-rijeka\/\"><img decoding=\"async\" src=\"https:\/\/socri.uniri.hr\/wp-content\/uploads\/2025\/06\/FasihPlakatH2-1024x793.png\" alt=\"\" class=\"wp-image-2537 size-full\"\/><\/a><\/figure><div class=\"wp-block-media-text__content\">\n<p><a href=\"https:\/\/socri.uniri.hr\/eng\/hartera-rijeka\/\">Description of Image  2<\/a><\/p>\n<\/div><\/div>\n\n\n\n<p><\/p>\n\n\n\n<div class=\"wp-block-media-text alignwide is-stacked-on-mobile is-vertically-aligned-center\" style=\"grid-template-columns:26% auto\"><figure class=\"wp-block-media-text__media\"><a href=\"https:\/\/socri.uniri.hr\/eng\/hartera-rijeka\/\"><img decoding=\"async\" src=\"https:\/\/socri.uniri.hr\/wp-content\/uploads\/2025\/06\/FasihPlakatH3-1024x793.png\" alt=\"\" class=\"wp-image-2538 size-full\"\/><\/a><\/figure><div class=\"wp-block-media-text__content\">\n<p><a href=\"https:\/\/socri.uniri.hr\/eng\/hartera-rijeka\/\">Description of Image  3<\/a><\/p>\n<\/div><\/div>\n\n\n\n<p><\/p>\n\n\n\n<div class=\"wp-block-media-text alignwide is-stacked-on-mobile is-vertically-aligned-center\" style=\"grid-template-columns:26% auto\"><figure class=\"wp-block-media-text__media\"><a href=\"https:\/\/socri.uniri.hr\/digitalna-hartera\/\"><img decoding=\"async\" src=\"https:\/\/socri.uniri.hr\/wp-content\/uploads\/2025\/06\/FasihPlakatH4-1024x793.png\" alt=\"\" class=\"wp-image-2539 size-full\"\/><\/a><\/figure><div class=\"wp-block-media-text__content\">\n<p><a href=\"https:\/\/socri.uniri.hr\/digitalna-hartera\/\"><\/a><a href=\"http:\/\/socri.uniri.hr\/Hartera\">Description of Image <\/a> 4<\/p>\n<\/div><\/div>\n\n\n\n<p><\/p>\n\n\n\n<div class=\"wp-block-media-text alignwide is-stacked-on-mobile is-vertically-aligned-center\" style=\"grid-template-columns:26% auto\"><figure class=\"wp-block-media-text__media\"><a href=\"https:\/\/socri.uniri.hr\/digitalna-hartera\/\"><img decoding=\"async\" src=\"https:\/\/socri.uniri.hr\/wp-content\/uploads\/2025\/06\/FasihPlakatH5-1024x793.png\" alt=\"\" class=\"wp-image-2540 size-full\"\/><\/a><\/figure><div class=\"wp-block-media-text__content\">\n<p><a href=\"https:\/\/socri.uniri.hr\/digitalna-hartera\/\"><\/a><a href=\"http:\/\/socri.uniri.hr\/Hartera\">Description of Image <\/a>5<\/p>\n<\/div><\/div>\n\n\n\n<p><\/p>\n\n\n\n<div class=\"wp-block-media-text alignwide is-stacked-on-mobile is-vertically-aligned-center\" style=\"grid-template-columns:26% auto\"><figure class=\"wp-block-media-text__media\"><a href=\"https:\/\/socri.uniri.hr\/projekt-hartera\/\"><img decoding=\"async\" src=\"https:\/\/socri.uniri.hr\/wp-content\/uploads\/2025\/06\/FasihPlakatH6-1024x793.png\" alt=\"\" class=\"wp-image-2541 size-full\"\/><\/a><\/figure><div class=\"wp-block-media-text__content\">\n<p><a href=\"https:\/\/socri.uniri.hr\/projekt-hartera\/\"><\/a><a href=\"http:\/\/socri.uniri.hr\/Hartera\">Description of Image<\/a> 6<\/p>\n<\/div><\/div>\n\n\n\n<p><\/p>\n\n\n\n<div class=\"wp-block-media-text alignwide is-stacked-on-mobile is-vertically-aligned-center\" style=\"grid-template-columns:26% auto\"><figure class=\"wp-block-media-text__media\"><a href=\"https:\/\/socri.uniri.hr\/projekt-hartera\/\"><img decoding=\"async\" src=\"https:\/\/socri.uniri.hr\/wp-content\/uploads\/2025\/06\/FasihPlakatH7-1024x793.png\" alt=\"\" class=\"wp-image-2542 size-full\"\/><\/a><\/figure><div class=\"wp-block-media-text__content\">\n<p><a href=\"https:\/\/socri.uniri.hr\/projekt-hartera\/\"><\/a><a href=\"http:\/\/socri.uniri.hr\/Hartera\">Description of Image <\/a>7<\/p>\n<\/div><\/div>\n\n\n\n<p><\/p>\n\n\n\n<div class=\"wp-block-media-text alignwide is-stacked-on-mobile is-vertically-aligned-center\" style=\"grid-template-columns:26% auto\"><figure class=\"wp-block-media-text__media\"><a href=\"https:\/\/socri.uniri.hr\/slike-8-i-9-images-8-and-9\/\"><img decoding=\"async\" src=\"https:\/\/socri.uniri.hr\/wp-content\/uploads\/2025\/06\/FasihPlakatPMR1-1024x793.png\" alt=\"\" class=\"wp-image-2543 size-full\"\/><\/a><\/figure><div class=\"wp-block-media-text__content\">\n<p><a href=\"https:\/\/socri.uniri.hr\/slike-8-i-9-images-8-and-9\/\" data-type=\"link\" data-id=\"https:\/\/socri.uniri.hr\/slike-8-i-9-images-8-and-9\/\">Description of Image 8<\/a><\/p>\n<\/div><\/div>\n\n\n\n<p><\/p>\n\n\n\n<div class=\"wp-block-media-text alignwide is-stacked-on-mobile is-vertically-aligned-center\" style=\"grid-template-columns:26% auto\"><figure class=\"wp-block-media-text__media\"><a href=\"https:\/\/socri.uniri.hr\/slike-8-i-9-images-8-and-9\/\"><img decoding=\"async\" src=\"https:\/\/socri.uniri.hr\/wp-content\/uploads\/2025\/06\/FasihPlakatPMR2-1024x793.png\" alt=\"\" class=\"wp-image-2544 size-full\"\/><\/a><\/figure><div class=\"wp-block-media-text__content\">\n<p><a href=\"https:\/\/socri.uniri.hr\/slike-8-i-9-images-8-and-9\/\" data-type=\"link\" data-id=\"https:\/\/socri.uniri.hr\/slike-8-i-9-images-8-and-9\/\">Description of Image 9<\/a><\/p>\n<\/div><\/div>\n\n\n\n<p><\/p>\n\n\n\n<div class=\"wp-block-media-text alignwide is-stacked-on-mobile is-vertically-aligned-center\" style=\"grid-template-columns:26% auto\"><figure class=\"wp-block-media-text__media\"><a href=\"https:\/\/socri.uniri.hr\/slika-10-2\/\"><img decoding=\"async\" src=\"https:\/\/socri.uniri.hr\/wp-content\/uploads\/2025\/06\/FasihPlakatSS1-1024x793.png\" alt=\"\" class=\"wp-image-2545 size-full\"\/><\/a><\/figure><div class=\"wp-block-media-text__content\">\n<p><a href=\"https:\/\/socri.uniri.hr\/slika-10-2\/\">Description of Image 10<\/a><\/p>\n<\/div><\/div>\n\n\n\n<p><\/p>\n\n\n\n<div class=\"wp-block-media-text alignwide is-stacked-on-mobile is-vertically-aligned-center\" style=\"grid-template-columns:26% auto\"><figure class=\"wp-block-media-text__media\"><a href=\"https:\/\/socri.uniri.hr\/slika-11-2\/\"><img decoding=\"async\" src=\"https:\/\/socri.uniri.hr\/wp-content\/uploads\/2025\/06\/FasihPlakatSS2-1024x793.png\" alt=\"\" class=\"wp-image-2546 size-full\"\/><\/a><\/figure><div class=\"wp-block-media-text__content\">\n<p><a href=\"https:\/\/socri.uniri.hr\/slika-11-2\/\">Description of Image 11<\/a><\/p>\n<\/div><\/div>\n\n\n\n<p><\/p>\n\n\n\n<div class=\"wp-block-media-text alignwide is-stacked-on-mobile is-vertically-aligned-center\" style=\"grid-template-columns:26% auto\"><figure class=\"wp-block-media-text__media\"><a href=\"https:\/\/socri.uniri.hr\/slika-12-2\/\"><img decoding=\"async\" src=\"https:\/\/socri.uniri.hr\/wp-content\/uploads\/2025\/06\/FasihPlakatSS3-1024x793.png\" alt=\"\" class=\"wp-image-2547 size-full\"\/><\/a><\/figure><div class=\"wp-block-media-text__content\">\n<p><a href=\"https:\/\/socri.uniri.hr\/slika-12-2\/\" data-type=\"link\" data-id=\"https:\/\/socri.uniri.hr\/slika-12-2\/\">Description of Image<\/a> <a href=\"https:\/\/socri.uniri.hr\/slika-12-2\/\" data-type=\"link\" data-id=\"https:\/\/socri.uniri.hr\/slika-12-2\/\">12<\/a><\/p>\n<\/div><\/div>\n\n\n\n<p><\/p>\n\n\n\n<div class=\"wp-block-media-text alignwide is-stacked-on-mobile is-vertically-aligned-center\" style=\"grid-template-columns:26% auto\"><figure class=\"wp-block-media-text__media\"><a href=\"https:\/\/socri.uniri.hr\/slika-13-2\/\"><img decoding=\"async\" src=\"https:\/\/socri.uniri.hr\/wp-content\/uploads\/2025\/06\/FasihPlakatSS4-1024x793.png\" alt=\"\" class=\"wp-image-2548 size-full\"\/><\/a><\/figure><div class=\"wp-block-media-text__content\">\n<p><a href=\"https:\/\/socri.uniri.hr\/slika-13-2\/\" data-type=\"link\" data-id=\"https:\/\/socri.uniri.hr\/slika-13-2\/\">Description of Image 13<\/a><\/p>\n<\/div><\/div>\n\n\n\n<p><\/p>\n\n\n\n<div class=\"wp-block-media-text alignwide is-stacked-on-mobile is-vertically-aligned-center\" style=\"grid-template-columns:26% auto\"><figure class=\"wp-block-media-text__media\"><a href=\"https:\/\/socri.uniri.hr\/slika-14-2\/\"><img decoding=\"async\" src=\"https:\/\/socri.uniri.hr\/wp-content\/uploads\/2025\/06\/FasihPlakatSS5-1024x793.png\" alt=\"\" class=\"wp-image-2549 size-full\"\/><\/a><\/figure><div class=\"wp-block-media-text__content\">\n<p><a href=\"https:\/\/socri.uniri.hr\/slika-14-2\/\" data-type=\"link\" data-id=\"https:\/\/socri.uniri.hr\/slika-14-2\/\">Description of Image 14<\/a><\/p>\n<\/div><\/div>\n\n\n\n<p><\/p>\n\n\n\n<div class=\"wp-block-media-text alignwide is-stacked-on-mobile is-vertically-aligned-center\" style=\"grid-template-columns:26% auto\"><figure class=\"wp-block-media-text__media\"><a href=\"https:\/\/socri.uniri.hr\/slika-1\/\"><img decoding=\"async\" src=\"https:\/\/socri.uniri.hr\/wp-content\/uploads\/2025\/06\/FasihPlakatSS6-1024x793.png\" alt=\"\" class=\"wp-image-2550 size-full\"\/><\/a><\/figure><div class=\"wp-block-media-text__content\">\n<p><a href=\"https:\/\/socri.uniri.hr\/slika-15-2\/\">Description of Image 15<\/a><\/p>\n<\/div><\/div>\n\n\n\n<p><\/p>\n\n\n\n<div class=\"wp-block-media-text alignwide is-stacked-on-mobile is-vertically-aligned-center\" style=\"grid-template-columns:26% auto\"><figure class=\"wp-block-media-text__media\"><a href=\"https:\/\/socri.uniri.hr\/zenica-mog-oka-1974-dejmi-hadrovic\/\"><img decoding=\"async\" src=\"https:\/\/socri.uniri.hr\/wp-content\/uploads\/2025\/06\/FasihPlakatT1-1024x793.png\" alt=\"\" class=\"wp-image-2551 size-full\"\/><\/a><\/figure><div class=\"wp-block-media-text__content\">\n<p><a href=\"https:\/\/socri.uniri.hr\/zenica-mog-oka-1974-dejmi-hadrovic\/\">Description of Image<\/a> <a href=\"https:\/\/socri.uniri.hr\/zenica-mog-oka-1974-dejmi-hadrovic\/\">16<\/a><\/p>\n<\/div><\/div>\n\n\n\n<p><\/p>\n\n\n\n<div class=\"wp-block-media-text alignwide is-stacked-on-mobile is-vertically-aligned-center\" style=\"grid-template-columns:26% auto\"><figure class=\"wp-block-media-text__media\"><a href=\"https:\/\/socri.uniri.hr\/slika-17-2\/\"><img decoding=\"async\" src=\"https:\/\/socri.uniri.hr\/wp-content\/uploads\/2025\/06\/FasihPlakatT2-1024x793.png\" alt=\"\" class=\"wp-image-2552 size-full\"\/><\/a><\/figure><div class=\"wp-block-media-text__content\">\n<p><a href=\"https:\/\/socri.uniri.hr\/slika-17-2\/\">Description of Image<\/a> <a href=\"https:\/\/socri.uniri.hr\/slika-17-2\/\">17<\/a><\/p>\n<\/div><\/div>\n\n\n\n<p><\/p>\n\n\n\n<div class=\"wp-block-media-text alignwide is-stacked-on-mobile is-vertically-aligned-center\" style=\"grid-template-columns:26% auto\"><figure class=\"wp-block-media-text__media\"><a href=\"https:\/\/socri.uniri.hr\/vrt-p-t-i-c-h-vizije-brzih-transformacija-percepcija-kroz-imerzivnu-kinematografiju-hiperrealnosti-ziga-pavlovic\/\"><img decoding=\"async\" src=\"https:\/\/socri.uniri.hr\/wp-content\/uploads\/2025\/06\/FasihPlakatT3-1024x793.png\" alt=\"\" class=\"wp-image-2553 size-full\"\/><\/a><\/figure><div class=\"wp-block-media-text__content\">\n<p><a href=\"https:\/\/socri.uniri.hr\/vrt-p-t-i-c-h-vizije-brzih-transformacija-percepcija-kroz-imerzivnu-kinematografiju-hiperrealnosti-ziga-pavlovic\/\">Description of Image<\/a> <a href=\"https:\/\/socri.uniri.hr\/vrt-p-t-i-c-h-vizije-brzih-transformacija-percepcija-kroz-imerzivnu-kinematografiju-hiperrealnosti-ziga-pavlovic\/\">18<\/a><\/p>\n<\/div><\/div>\n\n\n\n<p><\/p>\n\n\n\n<p>Preparations for poster print can be found <a href=\"https:\/\/socri.uniri.hr\/2622-2\/\" data-type=\"link\" data-id=\"https:\/\/socri.uniri.hr\/2622-2\/\">here<\/a>.<\/p>\n\n\n\n<p>This work is licensed under <a href=\"https:\/\/creativecommons.org\/licenses\/by-nc-nd\/4.0\/?ref=chooser-v1\" target=\"_blank\" rel=\"license noopener noreferrer\" style=\"display:inline-block;\">CC BY-NC-ND 4.0<img decoding=\"async\" style=\"height:22px!important;margin-left:3px;vertical-align:text-bottom;\" src=\"https:\/\/mirrors.creativecommons.org\/presskit\/icons\/cc.svg?ref=chooser-v1\" alt=\"\"><img decoding=\"async\" style=\"height:22px!important;margin-left:3px;vertical-align:text-bottom;\" src=\"https:\/\/mirrors.creativecommons.org\/presskit\/icons\/by.svg?ref=chooser-v1\" alt=\"\"><img decoding=\"async\" style=\"height:22px!important;margin-left:3px;vertical-align:text-bottom;\" src=\"https:\/\/mirrors.creativecommons.org\/presskit\/icons\/nc.svg?ref=chooser-v1\" alt=\"\"><img decoding=\"async\" style=\"height:22px!important;margin-left:3px;vertical-align:text-bottom;\" src=\"https:\/\/mirrors.creativecommons.org\/presskit\/icons\/nd.svg?ref=chooser-v1\" alt=\"\"><\/a><\/p>\n","protected":false},"excerpt":{"rendered":"<p>The exhibition Industrial Heritage through Art&amp;Science Lenses presents the results of two years of work on the FASIH &#8211; Future Art and Science Industrial Heritage project. FASIH connects contemporary models of industrial heritage revaluation using digital technologies and provides new approaches to promoting the value of cultural, scientific and industrial heritage attractive to new generations. &hellip;<\/p>\n<p class=\"read-more\"> <a class=\"\" href=\"https:\/\/socri.uniri.hr\/eng\/fasih-exhibition\/\"> <span class=\"screen-reader-text\">FASIH EXHIBITION<\/span> Read More &raquo;<\/a><\/p>\n","protected":false},"author":2,"featured_media":0,"parent":0,"menu_order":0,"comment_status":"closed","ping_status":"closed","template":"","meta":{"site-sidebar-layout":"default","site-content-layout":"default","ast-global-header-display":"","ast-banner-title-visibility":"","ast-main-header-display":"","ast-hfb-above-header-display":"","ast-hfb-below-header-display":"","ast-hfb-mobile-header-display":"","site-post-title":"","ast-breadcrumbs-content":"","ast-featured-img":"","footer-sml-layout":"","theme-transparent-header-meta":"","adv-header-id-meta":"","stick-header-meta":"","header-above-stick-meta":"","header-main-stick-meta":"","header-below-stick-meta":"","footnotes":""},"_links":{"self":[{"href":"https:\/\/socri.uniri.hr\/eng\/wp-json\/wp\/v2\/pages\/617"}],"collection":[{"href":"https:\/\/socri.uniri.hr\/eng\/wp-json\/wp\/v2\/pages"}],"about":[{"href":"https:\/\/socri.uniri.hr\/eng\/wp-json\/wp\/v2\/types\/page"}],"author":[{"embeddable":true,"href":"https:\/\/socri.uniri.hr\/eng\/wp-json\/wp\/v2\/users\/2"}],"replies":[{"embeddable":true,"href":"https:\/\/socri.uniri.hr\/eng\/wp-json\/wp\/v2\/comments?post=617"}],"version-history":[{"count":8,"href":"https:\/\/socri.uniri.hr\/eng\/wp-json\/wp\/v2\/pages\/617\/revisions"}],"predecessor-version":[{"id":651,"href":"https:\/\/socri.uniri.hr\/eng\/wp-json\/wp\/v2\/pages\/617\/revisions\/651"}],"wp:attachment":[{"href":"https:\/\/socri.uniri.hr\/eng\/wp-json\/wp\/v2\/media?parent=617"}],"curies":[{"name":"wp","href":"https:\/\/api.w.org\/{rel}","templated":true}]}}